{"id":36689,"date":"2023-01-27T18:13:31","date_gmt":"2023-01-27T18:13:31","guid":{"rendered":"https:\/\/assespro.org.br\/?page_id=36689"},"modified":"2025-08-26T15:01:36","modified_gmt":"2025-08-26T15:01:36","slug":"expresidentes","status":"publish","type":"page","link":"https:\/\/assespro.org.br\/en\/expresidentes\/","title":{"rendered":"Ex-Presidentes"},"content":{"rendered":"<div class=\"wpb-content-wrapper\"><div class=\"vc_row wpb_row vc_row-fluid\"><div class=\"wpb_column vc_column_container vc_col-sm-3\"><div class=\"vc_column-inner\"><div class=\"wpb_wrapper\">\n\t<div  class=\"wpb_single_image wpb_content_element vc_align_left wpb_content_element\">\n\t\t\n\t\t<figure class=\"wpb_wrapper vc_figure\">\n\t\t\t<a href=\"https:\/\/assespro.org.br\/wp-content\/uploads\/2025\/08\/Christian-Tadeu-Santos-DF-copiar.png\" target=\"_self\" class=\"vc_single_image-wrapper   vc_box_border_grey\"><img loading=\"lazy\" decoding=\"async\" class=\"vc_single_image-img\" src=\"https:\/\/assespro.org.br\/wp-content\/uploads\/2025\/08\/Christian-Tadeu-Santos-DF-copiar-300x400.png\" width=\"300\" height=\"400\" alt=\"Christian Tadeu Santos DF copiar\" title=\"Christian Tadeu Santos DF copiar\" \/><\/a>\n\t\t<\/figure>\n\t<\/div>\n\n\t<div class=\"wpb_text_column wpb_content_element vc_custom_1756220273945\" >\n\t\t<div class=\"wpb_wrapper\">\n\t\t\t<p>Christian Tadeu Santos (DF)<\/p>\n\n\t\t<\/div>\n\t<\/div>\n\n\t<div class=\"wpb_text_column wpb_content_element\" >\n\t\t<div class=\"wpb_wrapper\">\n\t\t\t<p>2023-2025<\/p>\n\n\t\t<\/div>\n\t<\/div>\n<\/div><\/div><\/div><div class=\"wpb_column vc_column_container vc_col-sm-3\"><div class=\"vc_column-inner\"><div class=\"wpb_wrapper\">\n\t<div  class=\"wpb_single_image wpb_content_element vc_align_left wpb_content_element\">\n\t\t\n\t\t<figure class=\"wpb_wrapper vc_figure\">\n\t\t\t<a href=\"https:\/\/assespro.org.br\/wp-content\/uploads\/2023\/02\/italo-792x1024.jpg\" target=\"_self\" class=\"vc_single_image-wrapper   vc_box_border_grey\"><img loading=\"lazy\" decoding=\"async\" class=\"vc_single_image-img\" src=\"https:\/\/assespro.org.br\/wp-content\/uploads\/2023\/02\/italo-scaled-300x400.jpg\" width=\"300\" height=\"400\" alt=\"Novo Documento 2023-01-18 10.25.00\" title=\"Novo Documento 2023-01-18 10.25.00\" \/><\/a>\n\t\t<\/figure>\n\t<\/div>\n\n\t<div class=\"wpb_text_column wpb_content_element vc_custom_1675311151843\" >\n\t\t<div class=\"wpb_wrapper\">\n\t\t\t<p>Italo Lima Nogueira<\/p>\n\n\t\t<\/div>\n\t<\/div>\n\n\t<div class=\"wpb_text_column wpb_content_element\" >\n\t\t<div class=\"wpb_wrapper\">\n\t\t\t<p>2019-2022<\/p>\n\n\t\t<\/div>\n\t<\/div>\n<\/div><\/div><\/div><div class=\"wpb_column vc_column_container vc_col-sm-3\"><div class=\"vc_column-inner\"><div class=\"wpb_wrapper\">\n\t<div  class=\"wpb_single_image wpb_content_element vc_align_left wpb_content_element\">\n\t\t\n\t\t<figure class=\"wpb_wrapper vc_figure\">\n\t\t\t<a href=\"https:\/\/assespro.org.br\/wp-content\/uploads\/2023\/01\/18-Jeovani-Salomao-2015-2018-min-789x1024.png\" target=\"_self\" class=\"vc_single_image-wrapper   vc_box_border_grey\"><img loading=\"lazy\" decoding=\"async\" class=\"vc_single_image-img\" src=\"https:\/\/assespro.org.br\/wp-content\/uploads\/2023\/01\/18-Jeovani-Salomao-2015-2018-min-300x400.png\" width=\"300\" height=\"400\" alt=\"18 Jeovani Salom\u00e3o 2015-2018-min\" title=\"18 Jeovani Salom\u00e3o 2015-2018-min\" \/><\/a>\n\t\t<\/figure>\n\t<\/div>\n\n\t<div class=\"wpb_text_column wpb_content_element vc_custom_1674846550960\" >\n\t\t<div class=\"wpb_wrapper\">\n\t\t\t<p>Jeovani Salom\u00e3o<\/p>\n\n\t\t<\/div>\n\t<\/div>\n\n\t<div class=\"wpb_text_column wpb_content_element\" >\n\t\t<div class=\"wpb_wrapper\">\n\t\t\t<p>2015-2018<\/p>\n\n\t\t<\/div>\n\t<\/div>\n<\/div><\/div><\/div><div class=\"wpb_column vc_column_container vc_col-sm-3\"><div class=\"vc_column-inner\"><div class=\"wpb_wrapper\">\n\t<div  class=\"wpb_single_image wpb_content_element vc_align_left wpb_content_element\">\n\t\t\n\t\t<figure class=\"wpb_wrapper vc_figure\">\n\t\t\t<a href=\"https:\/\/assespro.org.br\/wp-content\/uploads\/2023\/01\/Luis-Mario-Luchetta-2011-2014-min-797x1024.png\" target=\"_self\" class=\"vc_single_image-wrapper   vc_box_border_grey\"><img loading=\"lazy\" decoding=\"async\" class=\"vc_single_image-img\" src=\"https:\/\/assespro.org.br\/wp-content\/uploads\/2023\/01\/Luis-Mario-Luchetta-2011-2014-min-300x400.png\" width=\"300\" height=\"400\" alt=\"Lu\u00eds M\u00e1rio Luchetta 2011 - 2014-min\" title=\"Lu\u00eds M\u00e1rio Luchetta 2011 - 2014-min\" \/><\/a>\n\t\t<\/figure>\n\t<\/div>\n\n\t<div class=\"wpb_text_column wpb_content_element vc_custom_1674846534279\" >\n\t\t<div class=\"wpb_wrapper\">\n\t\t\t<p>Lu\u00eds M\u00e1rio Luchetta<\/p>\n\n\t\t<\/div>\n\t<\/div>\n\n\t<div class=\"wpb_text_column wpb_content_element\" >\n\t\t<div class=\"wpb_wrapper\">\n\t\t\t<p>2011 &#8211; 2014<\/p>\n\n\t\t<\/div>\n\t<\/div>\n<\/div><\/div><\/div><\/div><div class=\"vc_row wpb_row vc_row-fluid\"><div class=\"wpb_column vc_column_container vc_col-sm-3\"><div class=\"vc_column-inner\"><div class=\"wpb_wrapper\">\n\t<div  class=\"wpb_single_image wpb_content_element vc_align_left wpb_content_element\">\n\t\t\n\t\t<figure class=\"wpb_wrapper vc_figure\">\n\t\t\t<a href=\"https:\/\/assespro.org.br\/wp-content\/uploads\/2023\/01\/16-Ruben-Arnoldo-Soto-Delgado-2009-2010-min-811x1024.png\" target=\"_self\" class=\"vc_single_image-wrapper   vc_box_border_grey\"><img loading=\"lazy\" decoding=\"async\" class=\"vc_single_image-img\" src=\"https:\/\/assespro.org.br\/wp-content\/uploads\/2023\/01\/16-Ruben-Arnoldo-Soto-Delgado-2009-2010-min-300x400.png\" width=\"300\" height=\"400\" alt=\"16 Ruben Arnoldo Soto Delgado 2009-2010-min\" title=\"16 Ruben Arnoldo Soto Delgado 2009-2010-min\" \/><\/a>\n\t\t<\/figure>\n\t<\/div>\n\n\t<div class=\"wpb_text_column wpb_content_element vc_custom_1674846518342\" >\n\t\t<div class=\"wpb_wrapper\">\n\t\t\t<p>Ruben Arnoldo Soto Delgado<\/p>\n\n\t\t<\/div>\n\t<\/div>\n\n\t<div class=\"wpb_text_column wpb_content_element\" >\n\t\t<div class=\"wpb_wrapper\">\n\t\t\t<p>2009-2010<\/p>\n\n\t\t<\/div>\n\t<\/div>\n<\/div><\/div><\/div><div class=\"wpb_column vc_column_container vc_col-sm-3\"><div class=\"vc_column-inner\"><div class=\"wpb_wrapper\">\n\t<div  class=\"wpb_single_image wpb_content_element vc_align_left wpb_content_element\">\n\t\t\n\t\t<figure class=\"wpb_wrapper vc_figure\">\n\t\t\t<a href=\"https:\/\/assespro.org.br\/wp-content\/uploads\/2023\/01\/Ricardo-Hugo-Kurtz-2006-2008-min-1-793x1024.png\" target=\"_self\" class=\"vc_single_image-wrapper   vc_box_border_grey\"><img loading=\"lazy\" decoding=\"async\" class=\"vc_single_image-img\" src=\"https:\/\/assespro.org.br\/wp-content\/uploads\/2023\/01\/Ricardo-Hugo-Kurtz-2006-2008-min-1-300x400.png\" width=\"300\" height=\"400\" alt=\"Ricardo Hugo Kurtz 2006-2008-min\" title=\"Ricardo Hugo Kurtz 2006-2008-min\" \/><\/a>\n\t\t<\/figure>\n\t<\/div>\n\n\t<div class=\"wpb_text_column wpb_content_element vc_custom_1674846484838\" >\n\t\t<div class=\"wpb_wrapper\">\n\t\t\t<p>Ricardo Hugo Kurtz<\/p>\n\n\t\t<\/div>\n\t<\/div>\n\n\t<div class=\"wpb_text_column wpb_content_element\" >\n\t\t<div class=\"wpb_wrapper\">\n\t\t\t<p>2006-2008<\/p>\n\n\t\t<\/div>\n\t<\/div>\n<\/div><\/div><\/div><div class=\"wpb_column vc_column_container vc_col-sm-3\"><div class=\"vc_column-inner\"><div class=\"wpb_wrapper\">\n\t<div  class=\"wpb_single_image wpb_content_element vc_align_left wpb_content_element\">\n\t\t\n\t\t<figure class=\"wpb_wrapper vc_figure\">\n\t\t\t<a href=\"https:\/\/assespro.org.br\/wp-content\/uploads\/2023\/01\/15-Jose-Carlos-Moreira-de-Luca-2005-min-777x1024.png\" target=\"_self\" class=\"vc_single_image-wrapper   vc_box_border_grey\"><img loading=\"lazy\" decoding=\"async\" class=\"vc_single_image-img\" src=\"https:\/\/assespro.org.br\/wp-content\/uploads\/2023\/01\/15-Jose-Carlos-Moreira-de-Luca-2005-min-300x400.png\" width=\"300\" height=\"400\" alt=\"15 Jos\u00e9 Carlos Moreira de Luca 2005-min\" title=\"15 Jos\u00e9 Carlos Moreira de Luca 2005-min\" \/><\/a>\n\t\t<\/figure>\n\t<\/div>\n\n\t<div class=\"wpb_text_column wpb_content_element vc_custom_1674846451792\" >\n\t\t<div class=\"wpb_wrapper\">\n\t\t\t<p>Jos\u00e9 Carlos Moreira de Luca<\/p>\n\n\t\t<\/div>\n\t<\/div>\n\n\t<div class=\"wpb_text_column wpb_content_element\" >\n\t\t<div class=\"wpb_wrapper\">\n\t\t\t<p>2005<\/p>\n\n\t\t<\/div>\n\t<\/div>\n<\/div><\/div><\/div><div class=\"wpb_column vc_column_container vc_col-sm-3\"><div class=\"vc_column-inner\"><div class=\"wpb_wrapper\">\n\t<div  class=\"wpb_single_image wpb_content_element vc_align_left wpb_content_element\">\n\t\t\n\t\t<figure class=\"wpb_wrapper vc_figure\">\n\t\t\t<a href=\"https:\/\/assespro.org.br\/wp-content\/uploads\/2023\/01\/14-Ernesto-Haberkorn-2001-2004-min-790x1024.png\" target=\"_self\" class=\"vc_single_image-wrapper   vc_box_border_grey\"><img loading=\"lazy\" decoding=\"async\" class=\"vc_single_image-img\" src=\"https:\/\/assespro.org.br\/wp-content\/uploads\/2023\/01\/14-Ernesto-Haberkorn-2001-2004-min-300x400.png\" width=\"300\" height=\"400\" alt=\"14 Ernesto Haberkorn 2001-2004-min\" title=\"14 Ernesto Haberkorn 2001-2004-min\" \/><\/a>\n\t\t<\/figure>\n\t<\/div>\n\n\t<div class=\"wpb_text_column wpb_content_element vc_custom_1674846419838\" >\n\t\t<div class=\"wpb_wrapper\">\n\t\t\t<p>Ernesto Haberkorn<\/p>\n\n\t\t<\/div>\n\t<\/div>\n\n\t<div class=\"wpb_text_column wpb_content_element\" >\n\t\t<div class=\"wpb_wrapper\">\n\t\t\t<p>2001-2004<\/p>\n\n\t\t<\/div>\n\t<\/div>\n<\/div><\/div><\/div><\/div><div class=\"vc_row wpb_row vc_row-fluid\"><div class=\"wpb_column vc_column_container vc_col-sm-3\"><div class=\"vc_column-inner\"><div class=\"wpb_wrapper\">\n\t<div  class=\"wpb_single_image wpb_content_element vc_align_left wpb_content_element\">\n\t\t\n\t\t<figure class=\"wpb_wrapper vc_figure\">\n\t\t\t<a href=\"https:\/\/assespro.org.br\/wp-content\/uploads\/2023\/01\/Leonardo-Huberto-Bucher-2000-min-764x1024.png\" target=\"_self\" class=\"vc_single_image-wrapper   vc_box_border_grey\"><img loading=\"lazy\" decoding=\"async\" class=\"vc_single_image-img\" src=\"https:\/\/assespro.org.br\/wp-content\/uploads\/2023\/01\/Leonardo-Huberto-Bucher-2000-min-300x400.png\" width=\"300\" height=\"400\" alt=\"Leonardo Huberto Bucher 2000-min\" title=\"Leonardo Huberto Bucher 2000-min\" \/><\/a>\n\t\t<\/figure>\n\t<\/div>\n\n\t<div class=\"wpb_text_column wpb_content_element vc_custom_1674846375733\" >\n\t\t<div class=\"wpb_wrapper\">\n\t\t\t<p>Leonardo Huberto Bucher<\/p>\n\n\t\t<\/div>\n\t<\/div>\n\n\t<div class=\"wpb_text_column wpb_content_element\" >\n\t\t<div class=\"wpb_wrapper\">\n\t\t\t<p>2000<\/p>\n\n\t\t<\/div>\n\t<\/div>\n<\/div><\/div><\/div><div class=\"wpb_column vc_column_container vc_col-sm-3\"><div class=\"vc_column-inner\"><div class=\"wpb_wrapper\">\n\t<div  class=\"wpb_single_image wpb_content_element vc_align_left wpb_content_element\">\n\t\t\n\t\t<figure class=\"wpb_wrapper vc_figure\">\n\t\t\t<a href=\"https:\/\/assespro.org.br\/wp-content\/uploads\/2023\/01\/12-Jose-Fernando-Nery-de-Oliveira-1999-min-789x1024.png\" target=\"_self\" class=\"vc_single_image-wrapper   vc_box_border_grey\"><img loading=\"lazy\" decoding=\"async\" class=\"vc_single_image-img\" src=\"https:\/\/assespro.org.br\/wp-content\/uploads\/2023\/01\/12-Jose-Fernando-Nery-de-Oliveira-1999-min-300x400.png\" width=\"300\" height=\"400\" alt=\"12 Jos\u00e9 Fernando Nery de Oliveira 1999-min\" title=\"12 Jos\u00e9 Fernando Nery de Oliveira 1999-min\" \/><\/a>\n\t\t<\/figure>\n\t<\/div>\n\n\t<div class=\"wpb_text_column wpb_content_element vc_custom_1674846259305\" >\n\t\t<div class=\"wpb_wrapper\">\n\t\t\t<p>Jos\u00e9 Fernando Nery de Oliveira<\/p>\n\n\t\t<\/div>\n\t<\/div>\n\n\t<div class=\"wpb_text_column wpb_content_element\" >\n\t\t<div class=\"wpb_wrapper\">\n\t\t\t<p>1999<\/p>\n\n\t\t<\/div>\n\t<\/div>\n<\/div><\/div><\/div><div class=\"wpb_column vc_column_container vc_col-sm-3\"><div class=\"vc_column-inner\"><div class=\"wpb_wrapper\">\n\t<div  class=\"wpb_single_image wpb_content_element vc_align_left wpb_content_element\">\n\t\t\n\t\t<figure class=\"wpb_wrapper vc_figure\">\n\t\t\t<a href=\"https:\/\/assespro.org.br\/wp-content\/uploads\/2023\/01\/11-Jose-Fabio-Marinho-de-Araujo-1997-1998-min-756x1024.png\" target=\"_self\" class=\"vc_single_image-wrapper   vc_box_border_grey\"><img loading=\"lazy\" decoding=\"async\" class=\"vc_single_image-img\" src=\"https:\/\/assespro.org.br\/wp-content\/uploads\/2023\/01\/11-Jose-Fabio-Marinho-de-Araujo-1997-1998-min-300x400.png\" width=\"300\" height=\"400\" alt=\"11 Jos\u00e9 Fabio Marinho de Ara\u00fajo 1997 - 1998-min\" title=\"11 Jos\u00e9 Fabio Marinho de Ara\u00fajo 1997 - 1998-min\" \/><\/a>\n\t\t<\/figure>\n\t<\/div>\n\n\t<div class=\"wpb_text_column wpb_content_element vc_custom_1674846226492\" >\n\t\t<div class=\"wpb_wrapper\">\n\t\t\t<p>Jos\u00e9 Fabio Marinho de Ara\u00fajo<\/p>\n\n\t\t<\/div>\n\t<\/div>\n\n\t<div class=\"wpb_text_column wpb_content_element\" >\n\t\t<div class=\"wpb_wrapper\">\n\t\t\t<p>1997-1998<\/p>\n\n\t\t<\/div>\n\t<\/div>\n<\/div><\/div><\/div><div class=\"wpb_column vc_column_container vc_col-sm-3\"><div class=\"vc_column-inner\"><div class=\"wpb_wrapper\">\n\t<div  class=\"wpb_single_image wpb_content_element vc_align_left wpb_content_element\">\n\t\t\n\t\t<figure class=\"wpb_wrapper vc_figure\">\n\t\t\t<a href=\"https:\/\/assespro.org.br\/wp-content\/uploads\/2023\/01\/10-Atilio-Ed-Reigada-Proenca-1996-min-1-776x1024.png\" target=\"_self\" class=\"vc_single_image-wrapper   vc_box_border_grey\"><img loading=\"lazy\" decoding=\"async\" class=\"vc_single_image-img\" src=\"https:\/\/assespro.org.br\/wp-content\/uploads\/2023\/01\/10-Atilio-Ed-Reigada-Proenca-1996-min-1-300x400.png\" width=\"300\" height=\"400\" alt=\"10 At\u00edlio Ed Reigada Proen\u00e7a 1996-min\" title=\"10 At\u00edlio Ed Reigada Proen\u00e7a 1996-min\" \/><\/a>\n\t\t<\/figure>\n\t<\/div>\n\n\t<div class=\"wpb_text_column wpb_content_element vc_custom_1674846706652\" >\n\t\t<div class=\"wpb_wrapper\">\n\t\t\t<p>At\u00edlio Ed Reigada Proen\u00e7a<\/p>\n\n\t\t<\/div>\n\t<\/div>\n\n\t<div class=\"wpb_text_column wpb_content_element\" >\n\t\t<div class=\"wpb_wrapper\">\n\t\t\t<p>1996<\/p>\n\n\t\t<\/div>\n\t<\/div>\n<\/div><\/div><\/div><\/div><div class=\"vc_row wpb_row vc_row-fluid\"><div class=\"wpb_column vc_column_container vc_col-sm-3\"><div class=\"vc_column-inner\"><div class=\"wpb_wrapper\">\n\t<div  class=\"wpb_single_image wpb_content_element vc_align_left wpb_content_element\">\n\t\t\n\t\t<figure class=\"wpb_wrapper vc_figure\">\n\t\t\t<a href=\"https:\/\/assespro.org.br\/wp-content\/uploads\/2023\/01\/9-Braz-Antonio-da-Silva-1993-1998-min-790x1024.png\" target=\"_self\" class=\"vc_single_image-wrapper   vc_box_border_grey\"><img loading=\"lazy\" decoding=\"async\" class=\"vc_single_image-img\" src=\"https:\/\/assespro.org.br\/wp-content\/uploads\/2023\/01\/9-Braz-Antonio-da-Silva-1993-1998-min-300x400.png\" width=\"300\" height=\"400\" alt=\"9 Braz Ant\u00f4nio da Silva 1993-1998-min\" title=\"9 Braz Ant\u00f4nio da Silva 1993-1998-min\" \/><\/a>\n\t\t<\/figure>\n\t<\/div>\n\n\t<div class=\"wpb_text_column wpb_content_element vc_custom_1674846304128\" >\n\t\t<div class=\"wpb_wrapper\">\n\t\t\t<p>Braz Ant\u00f4nio da Silva<\/p>\n\n\t\t<\/div>\n\t<\/div>\n\n\t<div class=\"wpb_text_column wpb_content_element\" >\n\t\t<div class=\"wpb_wrapper\">\n\t\t\t<p>1993-1998<\/p>\n\n\t\t<\/div>\n\t<\/div>\n<\/div><\/div><\/div><div class=\"wpb_column vc_column_container vc_col-sm-3\"><div class=\"vc_column-inner\"><div class=\"wpb_wrapper\">\n\t<div  class=\"wpb_single_image wpb_content_element vc_align_left wpb_content_element\">\n\t\t\n\t\t<figure class=\"wpb_wrapper vc_figure\">\n\t\t\t<a href=\"https:\/\/assespro.org.br\/wp-content\/uploads\/2023\/01\/8-Jose-Pereira-da-Luz-1991-1992-min-805x1024.png\" target=\"_self\" class=\"vc_single_image-wrapper   vc_box_border_grey\"><img loading=\"lazy\" decoding=\"async\" class=\"vc_single_image-img\" src=\"https:\/\/assespro.org.br\/wp-content\/uploads\/2023\/01\/8-Jose-Pereira-da-Luz-1991-1992-min-300x400.png\" width=\"300\" height=\"400\" alt=\"8 Jos\u00e9 Pereira da Luz 1991 - 1992-min\" title=\"8 Jos\u00e9 Pereira da Luz 1991 - 1992-min\" \/><\/a>\n\t\t<\/figure>\n\t<\/div>\n\n\t<div class=\"wpb_text_column wpb_content_element vc_custom_1674845848042\" >\n\t\t<div class=\"wpb_wrapper\">\n\t\t\t<p>Jos\u00e9 Pereira da Luz<\/p>\n\n\t\t<\/div>\n\t<\/div>\n\n\t<div class=\"wpb_text_column wpb_content_element\" >\n\t\t<div class=\"wpb_wrapper\">\n\t\t\t<p>1991-1992<\/p>\n\n\t\t<\/div>\n\t<\/div>\n<\/div><\/div><\/div><div class=\"wpb_column vc_column_container vc_col-sm-3\"><div class=\"vc_column-inner\"><div class=\"wpb_wrapper\">\n\t<div  class=\"wpb_single_image wpb_content_element vc_align_left wpb_content_element\">\n\t\t\n\t\t<figure class=\"wpb_wrapper vc_figure\">\n\t\t\t<a href=\"https:\/\/assespro.org.br\/wp-content\/uploads\/2023\/01\/5-Eduardo-Guy-de-Manuel-1985-1987-min-802x1024.png\" target=\"_self\" class=\"vc_single_image-wrapper   vc_box_border_grey\"><img loading=\"lazy\" decoding=\"async\" class=\"vc_single_image-img\" src=\"https:\/\/assespro.org.br\/wp-content\/uploads\/2023\/01\/5-Eduardo-Guy-de-Manuel-1985-1987-min-300x400.png\" width=\"300\" height=\"400\" alt=\"5 Eduardo Guy de Manuel 1985 - 1987-min\" title=\"5 Eduardo Guy de Manuel 1985 - 1987-min\" \/><\/a>\n\t\t<\/figure>\n\t<\/div>\n\n\t<div class=\"wpb_text_column wpb_content_element vc_custom_1674845680928\" >\n\t\t<div class=\"wpb_wrapper\">\n\t\t\t<p>Eduardo Guy de Manuel<\/p>\n\n\t\t<\/div>\n\t<\/div>\n\n\t<div class=\"wpb_text_column wpb_content_element\" >\n\t\t<div class=\"wpb_wrapper\">\n\t\t\t<p>1985-1987<\/p>\n\n\t\t<\/div>\n\t<\/div>\n<\/div><\/div><\/div><div class=\"wpb_column vc_column_container vc_col-sm-3\"><div class=\"vc_column-inner\"><div class=\"wpb_wrapper\">\n\t<div  class=\"wpb_single_image wpb_content_element vc_align_left wpb_content_element\">\n\t\t\n\t\t<figure class=\"wpb_wrapper vc_figure\">\n\t\t\t<a href=\"https:\/\/assespro.org.br\/wp-content\/uploads\/2023\/01\/7-Sebastiao-tavares-Prereira-1989-1990-min-772x1024.png\" target=\"_self\" class=\"vc_single_image-wrapper   vc_box_border_grey\"><img loading=\"lazy\" decoding=\"async\" class=\"vc_single_image-img\" src=\"https:\/\/assespro.org.br\/wp-content\/uploads\/2023\/01\/7-Sebastiao-tavares-Prereira-1989-1990-min-300x400.png\" width=\"300\" height=\"400\" alt=\"7 Sebasti\u00e3o tavares Prereira 1989-1990-min\" title=\"7 Sebasti\u00e3o tavares Prereira 1989-1990-min\" \/><\/a>\n\t\t<\/figure>\n\t<\/div>\n\n\t<div class=\"wpb_text_column wpb_content_element vc_custom_1674845783787\" >\n\t\t<div class=\"wpb_wrapper\">\n\t\t\t<p>Sebasti\u00e3o tavares Prereira<\/p>\n\n\t\t<\/div>\n\t<\/div>\n\n\t<div class=\"wpb_text_column wpb_content_element\" >\n\t\t<div class=\"wpb_wrapper\">\n\t\t\t<p>1989-1990<\/p>\n\n\t\t<\/div>\n\t<\/div>\n<\/div><\/div><\/div><\/div><div class=\"vc_row wpb_row vc_row-fluid\"><div class=\"wpb_column vc_column_container vc_col-sm-3\"><div class=\"vc_column-inner\"><div class=\"wpb_wrapper\">\n\t<div  class=\"wpb_single_image wpb_content_element vc_align_left wpb_content_element\">\n\t\t\n\t\t<figure class=\"wpb_wrapper vc_figure\">\n\t\t\t<a href=\"https:\/\/assespro.org.br\/wp-content\/uploads\/2023\/01\/6-Francisco-Eduardo-Rego-ramalho-1988-min-780x1024.png\" target=\"_self\" class=\"vc_single_image-wrapper   vc_box_border_grey\"><img loading=\"lazy\" decoding=\"async\" class=\"vc_single_image-img\" src=\"https:\/\/assespro.org.br\/wp-content\/uploads\/2023\/01\/6-Francisco-Eduardo-Rego-ramalho-1988-min-300x400.png\" width=\"300\" height=\"400\" alt=\"6 Francisco Eduardo Rego ramalho 1988-min\" title=\"6 Francisco Eduardo Rego ramalho 1988-min\" \/><\/a>\n\t\t<\/figure>\n\t<\/div>\n\n\t<div class=\"wpb_text_column wpb_content_element vc_custom_1674845737832\" >\n\t\t<div class=\"wpb_wrapper\">\n\t\t\t<p>Francisco Eduardo Rego ramalho<\/p>\n\n\t\t<\/div>\n\t<\/div>\n\n\t<div class=\"wpb_text_column wpb_content_element\" >\n\t\t<div class=\"wpb_wrapper\">\n\t\t\t<p>1988<\/p>\n\n\t\t<\/div>\n\t<\/div>\n<\/div><\/div><\/div><div class=\"wpb_column vc_column_container vc_col-sm-3\"><div class=\"vc_column-inner\"><div class=\"wpb_wrapper\">\n\t<div  class=\"wpb_single_image wpb_content_element vc_align_left wpb_content_element\">\n\t\t\n\t\t<figure class=\"wpb_wrapper vc_figure\">\n\t\t\t<a href=\"https:\/\/assespro.org.br\/wp-content\/uploads\/2023\/01\/4-Jose-Maria-Sobrinho-1982-1984-min-790x1024.png\" target=\"_self\" class=\"vc_single_image-wrapper   vc_box_border_grey\"><img loading=\"lazy\" decoding=\"async\" class=\"vc_single_image-img\" src=\"https:\/\/assespro.org.br\/wp-content\/uploads\/2023\/01\/4-Jose-Maria-Sobrinho-1982-1984-min-300x400.png\" width=\"300\" height=\"400\" alt=\"4 Jos\u00e9 Maria Sobrinho 1982 - 1984-min\" title=\"4 Jos\u00e9 Maria Sobrinho 1982 - 1984-min\" \/><\/a>\n\t\t<\/figure>\n\t<\/div>\n\n\t<div class=\"wpb_text_column wpb_content_element vc_custom_1674845601441\" >\n\t\t<div class=\"wpb_wrapper\">\n\t\t\t<p>Jos\u00e9 Maria Sobrinho<\/p>\n\n\t\t<\/div>\n\t<\/div>\n\n\t<div class=\"wpb_text_column wpb_content_element\" >\n\t\t<div class=\"wpb_wrapper\">\n\t\t\t<p>1982-1984<\/p>\n\n\t\t<\/div>\n\t<\/div>\n<\/div><\/div><\/div><div class=\"wpb_column vc_column_container vc_col-sm-3\"><div class=\"vc_column-inner\"><div class=\"wpb_wrapper\">\n\t<div  class=\"wpb_single_image wpb_content_element vc_align_left wpb_content_element\">\n\t\t\n\t\t<figure class=\"wpb_wrapper vc_figure\">\n\t\t\t<a href=\"https:\/\/assespro.org.br\/wp-content\/uploads\/2023\/01\/3-Giuliano-Giacomo-Filippo-Giavina-Biachi-1980-1981-min-767x1024.png\" target=\"_self\" class=\"vc_single_image-wrapper   vc_box_border_grey\"><img loading=\"lazy\" decoding=\"async\" class=\"vc_single_image-img\" src=\"https:\/\/assespro.org.br\/wp-content\/uploads\/2023\/01\/3-Giuliano-Giacomo-Filippo-Giavina-Biachi-1980-1981-min-300x400.png\" width=\"300\" height=\"400\" alt=\"3 Giuliano Giacomo Filippo Giavina Biachi 1980-1981-min\" title=\"3 Giuliano Giacomo Filippo Giavina Biachi 1980-1981-min\" \/><\/a>\n\t\t<\/figure>\n\t<\/div>\n\n\t<div class=\"wpb_text_column wpb_content_element vc_custom_1674845482486\" >\n\t\t<div class=\"wpb_wrapper\">\n\t\t\t<p>Giuliano Giacomo Filippo Giavina Biachi<\/p>\n\n\t\t<\/div>\n\t<\/div>\n\n\t<div class=\"wpb_text_column wpb_content_element\" >\n\t\t<div class=\"wpb_wrapper\">\n\t\t\t<p>1980-1981<\/p>\n\n\t\t<\/div>\n\t<\/div>\n<\/div><\/div><\/div><div class=\"wpb_column vc_column_container vc_col-sm-3\"><div class=\"vc_column-inner\"><div class=\"wpb_wrapper\">\n\t<div  class=\"wpb_single_image wpb_content_element vc_align_left wpb_content_element\">\n\t\t\n\t\t<figure class=\"wpb_wrapper vc_figure\">\n\t\t\t<a href=\"https:\/\/assespro.org.br\/wp-content\/uploads\/2023\/01\/2-Marcio-Innecco-Canavarro-Costa-1976-1978-min-792x1024.png\" target=\"_self\" class=\"vc_single_image-wrapper   vc_box_border_grey\"><img loading=\"lazy\" decoding=\"async\" class=\"vc_single_image-img\" src=\"https:\/\/assespro.org.br\/wp-content\/uploads\/2023\/01\/2-Marcio-Innecco-Canavarro-Costa-1976-1978-min-300x400.png\" width=\"300\" height=\"400\" alt=\"2 M\u00e1rcio Innecco Canavarro Costa 1976 - 1978-min\" title=\"2 M\u00e1rcio Innecco Canavarro Costa 1976 - 1978-min\" \/><\/a>\n\t\t<\/figure>\n\t<\/div>\n\n\t<div class=\"wpb_text_column wpb_content_element vc_custom_1674845420578\" >\n\t\t<div class=\"wpb_wrapper\">\n\t\t\t<p>M\u00e1rcio Innecco Canavarro Costa<\/p>\n\n\t\t<\/div>\n\t<\/div>\n\n\t<div class=\"wpb_text_column wpb_content_element\" >\n\t\t<div class=\"wpb_wrapper\">\n\t\t\t<p>1976-1978<\/p>\n\n\t\t<\/div>\n\t<\/div>\n<\/div><\/div><\/div><\/div><div class=\"vc_row wpb_row vc_row-fluid\"><div class=\"wpb_column vc_column_container vc_col-sm-3\"><div class=\"vc_column-inner\"><div class=\"wpb_wrapper\">\n\t<div  class=\"wpb_single_image wpb_content_element vc_align_left wpb_content_element\">\n\t\t\n\t\t<figure class=\"wpb_wrapper vc_figure\">\n\t\t\t<a href=\"https:\/\/assespro.org.br\/wp-content\/uploads\/2023\/01\/1-Benito-Paret-1976-1978-min-792x1024.png\" target=\"_self\" class=\"vc_single_image-wrapper   vc_box_border_grey\"><img loading=\"lazy\" decoding=\"async\" class=\"vc_single_image-img\" src=\"https:\/\/assespro.org.br\/wp-content\/uploads\/2023\/01\/1-Benito-Paret-1976-1978-min-300x400.png\" width=\"300\" height=\"400\" alt=\"1 Benito Paret 1976-1978-min\" title=\"1 Benito Paret 1976-1978-min\" \/><\/a>\n\t\t<\/figure>\n\t<\/div>\n\n\t<div class=\"wpb_text_column wpb_content_element vc_custom_1674845314469\" >\n\t\t<div class=\"wpb_wrapper\">\n\t\t\t<p>Benito Paret<\/p>\n\n\t\t<\/div>\n\t<\/div>\n\n\t<div class=\"wpb_text_column wpb_content_element\" >\n\t\t<div class=\"wpb_wrapper\">\n\t\t\t<p>1976-1978<\/p>\n\n\t\t<\/div>\n\t<\/div>\n<\/div><\/div><\/div><div class=\"wpb_column vc_column_container vc_col-sm-3\"><div class=\"vc_column-inner\"><div class=\"wpb_wrapper\"><\/div><\/div><\/div><div class=\"wpb_column vc_column_container vc_col-sm-3\"><div class=\"vc_column-inner\"><div class=\"wpb_wrapper\"><\/div><\/div><\/div><div class=\"wpb_column vc_column_container vc_col-sm-3\"><div class=\"vc_column-inner\"><div class=\"wpb_wrapper\"><\/div><\/div><\/div><\/div>\n<\/div>","protected":false},"excerpt":{"rendered":"Christian Tadeu Santos (DF) 2023-2025 Italo Lima Nogueira 2019-2022 Jeovani Salom\u00e3o 2015-2018 Lu\u00eds M\u00e1rio Luchetta 2011 - 2014 Ruben Arnoldo Soto Delgado 2009-2010 Ricardo Hugo Kurtz 2006-2008 Jos\u00e9 Carlos Moreira de Luca 2005 Ernesto Haberkorn 2001-2004 Leonardo Huberto Bucher 2000 Jos\u00e9 Fernando Nery de Oliveira 1999 Jos\u00e9 Fabio Marinho de Ara\u00fajo 1997-1998 At\u00edlio Ed Reigada [...]","protected":false},"author":1,"featured_media":0,"parent":0,"menu_order":0,"comment_status":"closed","ping_status":"closed","template":"","meta":{"_acf_changed":false,"footnotes":""},"class_list":["post-36689","page","type-page","status-publish","hentry"],"acf":[],"_links":{"self":[{"href":"https:\/\/assespro.org.br\/en\/wp-json\/wp\/v2\/pages\/36689","targetHints":{"allow":["GET"]}}],"collection":[{"href":"https:\/\/assespro.org.br\/en\/wp-json\/wp\/v2\/pages"}],"about":[{"href":"https:\/\/assespro.org.br\/en\/wp-json\/wp\/v2\/types\/page"}],"author":[{"embeddable":true,"href":"https:\/\/assespro.org.br\/en\/wp-json\/wp\/v2\/users\/1"}],"replies":[{"embeddable":true,"href":"https:\/\/assespro.org.br\/en\/wp-json\/wp\/v2\/comments?post=36689"}],"version-history":[{"count":18,"href":"https:\/\/assespro.org.br\/en\/wp-json\/wp\/v2\/pages\/36689\/revisions"}],"predecessor-version":[{"id":40122,"href":"https:\/\/assespro.org.br\/en\/wp-json\/wp\/v2\/pages\/36689\/revisions\/40122"}],"wp:attachment":[{"href":"https:\/\/assespro.org.br\/en\/wp-json\/wp\/v2\/media?parent=36689"}],"curies":[{"name":"wp","href":"https:\/\/api.w.org\/{rel}","templated":true}]}}