{"id":34448,"date":"2021-10-04T12:07:59","date_gmt":"2021-10-04T12:07:59","guid":{"rendered":"https:\/\/upperweb.com.br\/assespro\/?page_id=34448"},"modified":"2022-11-29T18:20:02","modified_gmt":"2022-11-29T18:20:02","slug":"certidoes","status":"publish","type":"page","link":"https:\/\/assespro.org.br\/en\/certidoes\/","title":{"rendered":"Certid\u00f5es"},"content":{"rendered":"<div class=\"wpb-content-wrapper\"><div class=\"vc_row wpb_row vc_row-fluid\"><div class=\"wpb_column vc_column_container vc_col-sm-12\"><div class=\"vc_column-inner\"><div class=\"wpb_wrapper\">\n\t<div class=\"wpb_text_column wpb_content_element wpb_animate_when_almost_visible wpb_fadeInUp fadeInUp\" >\n\t\t<div class=\"wpb_wrapper\">\n\t\t\t<p>A <strong>Assespro<\/strong> oferece para as empresas associadas o servi\u00e7o de emiss\u00e3o de certid\u00f5es com objetivo de qualificar os produtos e servi\u00e7os para participar de licita\u00e7\u00f5es e concorr\u00eancias p\u00fablicas junto a \u00f3rg\u00e3os p\u00fablicos.  A Certid\u00e3o de Exclusividade de Titularidade e Comercializa\u00e7\u00e3o \u00e9 um documento jur\u00eddico h\u00e1bil a atestar a exclusividade de produtos e servi\u00e7os das empresas de software. O documento \u00e9 baseado em informa\u00e7\u00f5es aut\u00eanticas que s\u00e3o examinadas minuciosamente pela equipe da ASSESPRO, com base na documenta\u00e7\u00e3o apresentada pelo solicitante. A embasamento legal sobre a Declara\u00e7\u00e3o de Exclusividade \u00e9 o art. 25 da Lei n\u00ba 8.666, de 21-6-93, que diz que o documento pode ser emitido atrav\u00e9s de atestados fornecido pelo \u00f3rg\u00e3o competente e representativo do setor.<\/p>\n\n\t\t<\/div>\n\t<\/div>\n\n\t<div class=\"wpb_text_column wpb_content_element wpb_animate_when_almost_visible wpb_fadeInUp fadeInUp vc_custom_1633349519199\" >\n\t\t<div class=\"wpb_wrapper\">\n\t\t\t<p><strong>DOCUMENTOS NECESS\u00c1RIOS<\/strong><\/p>\n\n\t\t<\/div>\n\t<\/div>\n<\/div><\/div><\/div><\/div><div class=\"vc_row wpb_row vc_row-fluid\"><div class=\"wpb_column vc_column_container vc_col-sm-12\"><div class=\"vc_column-inner\"><div class=\"wpb_wrapper\">\n\t<div class=\"wpb_text_column wpb_content_element wpb_animate_when_almost_visible wpb_fadeInLeft fadeInLeft\" >\n\t\t<div class=\"wpb_wrapper\">\n\t\t\t<p><strong>01<\/strong> &#8211; Registro de software (se fabricante);<\/p>\n\n\t\t<\/div>\n\t<\/div>\n\n\t<div class=\"wpb_text_column wpb_content_element wpb_animate_when_almost_visible wpb_fadeInLeft fadeInLeft\" >\n\t\t<div class=\"wpb_wrapper\">\n\t\t\t<p><strong>02<\/strong> &#8211; Carta do fabricante (se representante de produto) &#8211; Se estiver em L\u00edngua Estrangeira, dever\u00e1 vir acompanhada de tradu\u00e7\u00e3o juramentada;<\/p>\n\n\t\t<\/div>\n\t<\/div>\n\n\t<div class=\"wpb_text_column wpb_content_element wpb_animate_when_almost_visible wpb_fadeInLeft fadeInLeft\" >\n\t\t<div class=\"wpb_wrapper\">\n\t\t\t<p><strong>03<\/strong> &#8211; Descri\u00e7\u00e3o t\u00e9cnica e declara\u00e7\u00e3o de propriedade do software, assinado pelo respons\u00e1vel legal da empresa, com firma reconhecida em cart\u00f3rio (se n\u00e3o tiver registro);<\/p>\n\n\t\t<\/div>\n\t<\/div>\n\n\t<div class=\"wpb_text_column wpb_content_element wpb_animate_when_almost_visible wpb_fadeInLeft fadeInLeft\" >\n\t\t<div class=\"wpb_wrapper\">\n\t\t\t<p><strong>04<\/strong> &#8211; Requerimento referente ao modelo da certid\u00e3o solicitada, assinado pelo representante legal.<\/p>\n\n\t\t<\/div>\n\t<\/div>\n\n\t<div class=\"wpb_text_column wpb_content_element wpb_animate_when_almost_visible wpb_fadeInUp fadeInUp vc_custom_1633349701845\" >\n\t\t<div class=\"wpb_wrapper\">\n\t\t\t<p>De acordo com a Pol\u00edtica da Assespro, o tempo para emiss\u00e3o da Carta de Exclusividade \u00e9 de 07 (sete) dias \u00fateis. Ainda de acordo com esta Pol\u00edtica a emiss\u00e3o da 1\u00aa carta est\u00e1 condicionada a 3 meses de filia\u00e7\u00e3o adimplente.<\/p>\n\n\t\t<\/div>\n\t<\/div>\n<div class=\"vc_btn3-container vc_btn3-center vc_custom_1669742221285 vc_do_btn\" ><a class=\"vc_general vc_btn3 vc_btn3-size-md vc_btn3-shape-rounded vc_btn3-style-modern vc_btn3-color-primary\" href=\"https:\/\/servicos.assespro.org.br\/externo\/login\" title=\"\">Solicite sua certid\u00e3o aqui<\/a><\/div>\n\t<div class=\"wpb_text_column wpb_content_element wpb_animate_when_almost_visible wpb_fadeInUp fadeInUp vc_custom_1669742249769\" >\n\t\t<div class=\"wpb_wrapper\">\n\t\t\t<p>Tem alguma d\u00favida? Por favor, entre em contato com staff@assespro.org.br.<\/p>\n\n\t\t<\/div>\n\t<\/div>\n<\/div><\/div><\/div><\/div>\n<\/div>","protected":false},"excerpt":{"rendered":"A Assespro oferece para as empresas associadas o servi\u00e7o de emiss\u00e3o de certid\u00f5es com objetivo de qualificar os produtos e servi\u00e7os para participar de licita\u00e7\u00f5es e concorr\u00eancias p\u00fablicas junto a \u00f3rg\u00e3os p\u00fablicos. A Certid\u00e3o de Exclusividade de Titularidade e Comercializa\u00e7\u00e3o \u00e9 um documento jur\u00eddico h\u00e1bil a atestar a exclusividade de produtos e servi\u00e7os das empresas [...]","protected":false},"author":1,"featured_media":0,"parent":0,"menu_order":0,"comment_status":"closed","ping_status":"closed","template":"","meta":{"_acf_changed":false,"footnotes":""},"class_list":["post-34448","page","type-page","status-publish","hentry"],"acf":[],"_links":{"self":[{"href":"https:\/\/assespro.org.br\/en\/wp-json\/wp\/v2\/pages\/34448","targetHints":{"allow":["GET"]}}],"collection":[{"href":"https:\/\/assespro.org.br\/en\/wp-json\/wp\/v2\/pages"}],"about":[{"href":"https:\/\/assespro.org.br\/en\/wp-json\/wp\/v2\/types\/page"}],"author":[{"embeddable":true,"href":"https:\/\/assespro.org.br\/en\/wp-json\/wp\/v2\/users\/1"}],"replies":[{"embeddable":true,"href":"https:\/\/assespro.org.br\/en\/wp-json\/wp\/v2\/comments?post=34448"}],"version-history":[{"count":4,"href":"https:\/\/assespro.org.br\/en\/wp-json\/wp\/v2\/pages\/34448\/revisions"}],"predecessor-version":[{"id":36351,"href":"https:\/\/assespro.org.br\/en\/wp-json\/wp\/v2\/pages\/34448\/revisions\/36351"}],"wp:attachment":[{"href":"https:\/\/assespro.org.br\/en\/wp-json\/wp\/v2\/media?parent=34448"}],"curies":[{"name":"wp","href":"https:\/\/api.w.org\/{rel}","templated":true}]}}