{"id":34199,"date":"2021-08-17T17:10:16","date_gmt":"2021-08-17T17:10:16","guid":{"rendered":"https:\/\/upperweb.com.br\/assespro\/?page_id=34199"},"modified":"2022-02-07T14:28:22","modified_gmt":"2022-02-07T14:28:22","slug":"transparencia","status":"publish","type":"page","link":"https:\/\/assespro.org.br\/en\/transparencia\/","title":{"rendered":"Transpar\u00eancia"},"content":{"rendered":"<div class=\"wpb-content-wrapper\"><div class=\"vc_row wpb_row vc_row-fluid\"><div class=\"wpb_column vc_column_container vc_col-sm-12\"><div class=\"vc_column-inner\"><div class=\"wpb_wrapper\">\n\t<div class=\"wpb_text_column wpb_content_element\" >\n\t\t<div class=\"wpb_wrapper\">\n\t\t\t<p>Para n\u00f3s, transpar\u00eancia \u00e9 buscar agir de forma honesta e comunicar abertamente nossas a\u00e7\u00f5es e informa\u00e7\u00f5es. Sendo assim, criamos este canal para compartilhar e manter o ecossistema informado.<\/p>\n\n\t\t<\/div>\n\t<\/div>\n\n\t<div class=\"wpb_text_column wpb_content_element vc_custom_1630354435325\" >\n\t\t<div class=\"wpb_wrapper\">\n\t\t\t<p>Conhe\u00e7a os documentos que orientam todas as nossas a\u00e7\u00f5es<\/p>\n\n\t\t<\/div>\n\t<\/div>\n<div class=\"vc_row wpb_row vc_inner vc_row-fluid vc_custom_1630354504324\"><\/div><div class=\"vc_row wpb_row vc_inner vc_row-fluid\"><div class=\"wpb_column vc_column_container vc_col-sm-4\"><div class=\"vc_column-inner\"><div class=\"wpb_wrapper\"><div class=\"vc_icon_element vc_icon_element-outer vc_do_icon vc_icon_element-align-center\"><div class=\"vc_icon_element-inner vc_icon_element-color-blue vc_icon_element-size-xl vc_icon_element-style- vc_icon_element-background-color-grey\" ><span class=\"vc_icon_element-icon fas fa-file-upload\" ><\/span><a class=\"vc_icon_element-link\" href=\"https:\/\/assespro.org.br\/wp-content\/uploads\/2021\/09\/Estatuto-Social6039.pdf\"  title=\"\" target=\"_self\"><\/a><\/div><\/div>\n\t<div class=\"wpb_text_column wpb_content_element\" >\n\t\t<div class=\"wpb_wrapper\">\n\t\t\t<p><a href=\"https:\/\/assespro.org.br\/wp-content\/uploads\/2021\/09\/Estatuto-Social6039.pdf\">Estatuto Social<\/a><\/p>\n\n\t\t<\/div>\n\t<\/div>\n<\/div><\/div><\/div><div class=\"wpb_column vc_column_container vc_col-sm-4\"><div class=\"vc_column-inner\"><div class=\"wpb_wrapper\"><div class=\"vc_icon_element vc_icon_element-outer vc_do_icon vc_icon_element-align-center\"><div class=\"vc_icon_element-inner vc_icon_element-color-blue vc_icon_element-size-xl vc_icon_element-style- vc_icon_element-background-color-grey\" ><span class=\"vc_icon_element-icon fas fa-file-upload\" ><\/span><a class=\"vc_icon_element-link\" href=\"https:\/\/assespro.org.br\/wp-content\/uploads\/2022\/02\/estudo-assespro-nacional-codigo-de-coduta-2021-A4-03-03-2021.pdf\"  title=\"\" target=\"_self\"><\/a><\/div><\/div>\n\t<div class=\"wpb_text_column wpb_content_element\" >\n\t\t<div class=\"wpb_wrapper\">\n\t\t\t<p><a href=\"https:\/\/assespro.org.br\/wp-content\/uploads\/2022\/02\/estudo-assespro-nacional-codigo-de-coduta-2021-A4-03-03-2021.pdf\">C\u00f3digo de Conduta<\/a><\/p>\n\n\t\t<\/div>\n\t<\/div>\n<\/div><\/div><\/div><div class=\"wpb_column vc_column_container vc_col-sm-4\"><div class=\"vc_column-inner\"><div class=\"wpb_wrapper\"><div class=\"vc_icon_element vc_icon_element-outer vc_do_icon vc_icon_element-align-center\"><div class=\"vc_icon_element-inner vc_icon_element-color-blue vc_icon_element-size-xl vc_icon_element-style- vc_icon_element-background-color-grey\" ><span class=\"vc_icon_element-icon fas fa-file-upload\" ><\/span><a class=\"vc_icon_element-link\" href=\"https:\/\/dpo.privacytools.com.br\/policy-view\/6aalrdj10\/1\/policy\/pt_BR?s=1634565460506\"  title=\"\" target=\"_self\"><\/a><\/div><\/div>\n\t<div class=\"wpb_text_column wpb_content_element\" >\n\t\t<div class=\"wpb_wrapper\">\n\t\t\t<p>Politica de Privacidade<\/p>\n\n\t\t<\/div>\n\t<\/div>\n<\/div><\/div><\/div><\/div>\n\t<div class=\"wpb_text_column wpb_content_element vc_custom_1630354811254\" >\n\t\t<div class=\"wpb_wrapper\">\n\t\t\t<p>Cartas e posicionamentos p\u00fablicos<\/p>\n\n\t\t<\/div>\n\t<\/div>\n\n<div class=\"vc_grid-container-wrapper vc_clearfix vc_grid-animation-fadeIn\">\n\t<div class=\"vc_grid-container vc_clearfix wpb_content_element vc_basic_grid vc_custom_1634699339974\" data-initial-loading-animation=\"fadeIn\" data-vc-grid-settings=\"{&quot;page_id&quot;:34199,&quot;style&quot;:&quot;load-more&quot;,&quot;action&quot;:&quot;vc_get_vc_grid_data&quot;,&quot;shortcode_id&quot;:&quot;1644243996325-2bc0b7a49a182908ded218b1b54b1c21-5&quot;,&quot;items_per_page&quot;:&quot;3&quot;,&quot;btn_data&quot;:{&quot;title&quot;:&quot;Veja Mais&quot;,&quot;style&quot;:&quot;modern&quot;,&quot;gradient_color_1&quot;:&quot;&quot;,&quot;gradient_color_2&quot;:&quot;&quot;,&quot;gradient_custom_color_1&quot;:&quot;&quot;,&quot;gradient_custom_color_2&quot;:&quot;&quot;,&quot;gradient_text_color&quot;:&quot;&quot;,&quot;custom_background&quot;:&quot;#ededed&quot;,&quot;custom_text&quot;:&quot;#666&quot;,&quot;outline_custom_color&quot;:&quot;#666&quot;,&quot;outline_custom_hover_background&quot;:&quot;#666&quot;,&quot;outline_custom_hover_text&quot;:&quot;#fff&quot;,&quot;shape&quot;:&quot;rounded&quot;,&quot;color&quot;:&quot;default&quot;,&quot;size&quot;:&quot;xs&quot;,&quot;align&quot;:&quot;inline&quot;,&quot;button_block&quot;:&quot;&quot;,&quot;add_icon&quot;:&quot;&quot;,&quot;i_align&quot;:&quot;left&quot;,&quot;i_type&quot;:&quot;fontawesome&quot;,&quot;i_icon_fontawesome&quot;:&quot;fas fa-adjust&quot;,&quot;i_icon_openiconic&quot;:&quot;vc-oi vc-oi-dial&quot;,&quot;i_icon_typicons&quot;:&quot;typcn typcn-adjust-brightness&quot;,&quot;i_icon_entypo&quot;:&quot;entypo-icon entypo-icon-note&quot;,&quot;i_icon_linecons&quot;:&quot;vc_li vc_li-heart&quot;,&quot;i_icon_monosocial&quot;:&quot;&quot;,&quot;i_icon_material&quot;:&quot;&quot;,&quot;i_icon_pixelicons&quot;:&quot;vc_pixel_icon vc_pixel_icon-alert&quot;,&quot;el_id&quot;:&quot;&quot;,&quot;custom_onclick&quot;:&quot;&quot;,&quot;custom_onclick_code&quot;:&quot;&quot;},&quot;tag&quot;:&quot;vc_basic_grid&quot;}\" data-vc-request=\"https:\/\/assespro.org.br\/wp-admin\/admin-ajax.php\" data-vc-post-id=\"34199\" data-vc-public-nonce=\"73c0615f18\">\n\t\t<style data-type=\"vc_shortcodes-custom-css\">.vc_custom_1634699107231{padding-right: 15px !important;padding-left: 15px !important;background-color: #2d2d2d !important;}<\/style><div class=\"vc_grid vc_row vc_grid-gutter-30px vc_pageable-wrapper vc_hook_hover\" data-vc-pageable-content=\"true\"><div class=\"vc_pageable-slide-wrapper vc_clearfix\" data-vc-grid-content=\"true\"><div class=\"vc_grid-item vc_clearfix vc_col-sm-4\"><div class=\"vc_grid-item-mini vc_clearfix\"><div class=\"vc_gitem-animated-block\" ><div class=\"vc_gitem-zone vc_gitem-zone-a vc_custom_1634699107231 vc-gitem-zone-height-mode-auto vc-gitem-zone-height-mode-auto-1-1 vc_gitem-is-link\"><a href=\"https:\/\/assespro.org.br\/en\/nota-oficial-da-federacao-assespro-sobre-o-resultado-das-eleicoes-2022\/\" title=\"Nota Oficial da Federa\u00e7\u00e3o Assespro sobre o Resultado das Elei\u00e7\u00f5es 2022\" class=\"vc_gitem-link vc-zone-link\" ><\/a><div class=\"vc_gitem-zone-mini\"><div class=\"vc_gitem_row vc_row vc_gitem-row-position-middle\"><div class=\"vc_col-sm-12 vc_gitem-col vc_gitem-col-align-\"><div class=\"vc_custom_heading vc_gitem-post-data vc_gitem-post-data-source-post_title\" ><div style=\"font-size: 24px;color: #ffffff;line-height: 1.3;text-align: left;font-family:Roboto;font-weight:300;font-style:normal\" >Nota Oficial da Federa\u00e7\u00e3o Assespro sobre o Resultado das Elei\u00e7\u00f5es 2022<\/div><\/div><div class=\"vc_separator wpb_content_element vc_separator_align_center vc_sep_width_50 vc_sep_border_width_2 vc_sep_pos_align_left vc_separator_no_text vc_sep_color_white wpb_content_element  wpb_content_element\" ><span class=\"vc_sep_holder vc_sep_holder_l\"><span class=\"vc_sep_line\"><\/span><\/span><span class=\"vc_sep_holder vc_sep_holder_r\"><span class=\"vc_sep_line\"><\/span><\/span>\n<\/div><div class=\"vc_custom_heading vc_gitem-post-data vc_gitem-post-data-source-post_excerpt\" ><div style=\"font-size: 14px;color: #e2e2e2;line-height: 1.3;text-align: left;font-family:Roboto;font-weight:400;font-style:normal\" ><p>A sociedade brasileira elegeu no \u00faltimo domingo Luiz In\u00e1cio Lula da Silva como seu novo Presidente da Rep\u00fablica. A partir do primeiro dia de janeiro de 2023, ele estar\u00e1 no comando da na\u00e7\u00e3o com a enorme responsabilidade de governar n\u00e3o s\u00f3 para aqueles que lhe confiaram o voto, mas para todos os cidad\u00e3os brasileiros. A [&hellip;]<\/p>\n<\/div><\/div><\/div><\/div><\/div><\/div><div class=\"vc_gitem-zone vc_gitem-zone-b vc-gitem-zone-height-mode-auto vc_gitem-is-link\" style=\"background-image: url('https:\/\/assespro.org.br\/wp-content\/uploads\/2022\/11\/estudo-assespro-nacional-Post-Eleicoes-01-11-2022_Feed-1024x1024.png') !important;\"><a href=\"https:\/\/assespro.org.br\/en\/nota-oficial-da-federacao-assespro-sobre-o-resultado-das-eleicoes-2022\/\" title=\"Nota Oficial da Federa\u00e7\u00e3o Assespro sobre o Resultado das Elei\u00e7\u00f5es 2022\" class=\"vc_gitem-link vc-zone-link\" ><\/a><img decoding=\"async\" class=\"vc_gitem-zone-img\" src=\"https:\/\/assespro.org.br\/wp-content\/uploads\/2022\/11\/estudo-assespro-nacional-Post-Eleicoes-01-11-2022_Feed-1024x1024.png\" alt=\"Nota Oficial da Federa\u00e7\u00e3o Assespro sobre o Resultado das Elei\u00e7\u00f5es 2022\" loading=\"lazy\"><div class=\"vc_gitem-zone-mini\"><\/div><\/div><\/div><\/div><div class=\"vc_clearfix\"><\/div><\/div><div class=\"vc_grid-item vc_clearfix vc_col-sm-4\"><div class=\"vc_grid-item-mini vc_clearfix\"><div class=\"vc_gitem-animated-block\" ><div class=\"vc_gitem-zone vc_gitem-zone-a vc_custom_1634699107231 vc-gitem-zone-height-mode-auto vc-gitem-zone-height-mode-auto-1-1 vc_gitem-is-link\"><a href=\"https:\/\/assespro.org.br\/en\/carta-de-apoio-a-sra-leticia-batistela\/\" title=\"CARTA DE APOIO \u00c0 SRA. LET\u00cdCIA BATISTELA\" class=\"vc_gitem-link vc-zone-link\" ><\/a><div class=\"vc_gitem-zone-mini\"><div class=\"vc_gitem_row vc_row vc_gitem-row-position-middle\"><div class=\"vc_col-sm-12 vc_gitem-col vc_gitem-col-align-\"><div class=\"vc_custom_heading vc_gitem-post-data vc_gitem-post-data-source-post_title\" ><div style=\"font-size: 24px;color: #ffffff;line-height: 1.3;text-align: left;font-family:Roboto;font-weight:300;font-style:normal\" >CARTA DE APOIO \u00c0 SRA. LET\u00cdCIA BATISTELA<\/div><\/div><div class=\"vc_separator wpb_content_element vc_separator_align_center vc_sep_width_50 vc_sep_border_width_2 vc_sep_pos_align_left vc_separator_no_text vc_sep_color_white wpb_content_element  wpb_content_element\" ><span class=\"vc_sep_holder vc_sep_holder_l\"><span class=\"vc_sep_line\"><\/span><\/span><span class=\"vc_sep_holder vc_sep_holder_r\"><span class=\"vc_sep_line\"><\/span><\/span>\n<\/div><div class=\"vc_custom_heading vc_gitem-post-data vc_gitem-post-data-source-post_excerpt\" ><div style=\"font-size: 14px;color: #e2e2e2;line-height: 1.3;text-align: left;font-family:Roboto;font-weight:400;font-style:normal\" ><p>A ASSOCIA\u00c7\u00c3O DAS EMPRESAS BRASILEIRAS DE TECNOLOGIA DA INFORMA\u00c7\u00c3O (ASSESPRO), por sua Diretoria nacional e regionais, vem a p\u00fablico, por for\u00e7a do teor de recomenda\u00e7\u00e3o expedida pelo Minist\u00e9rio P\u00fablico do Estado do Rio Grande do Sul em conjunto com o Minist\u00e9rio P\u00fablico de Contas daquele Estado, manifestar seu irrestrito apoio \u00e0 Let\u00edcia Batistela, externando sua [&hellip;]<\/p>\n<\/div><\/div><\/div><\/div><\/div><\/div><div class=\"vc_gitem-zone vc_gitem-zone-b vc-gitem-zone-height-mode-auto vc_gitem-is-link\" style=\"background-image: url('https:\/\/assespro.org.br\/wp-content\/plugins\/js_composer\/assets\/vc\/vc_gitem_image.png') !important;\"><a href=\"https:\/\/assespro.org.br\/en\/carta-de-apoio-a-sra-leticia-batistela\/\" title=\"CARTA DE APOIO \u00c0 SRA. LET\u00cdCIA BATISTELA\" class=\"vc_gitem-link vc-zone-link\" ><\/a><img decoding=\"async\" class=\"vc_gitem-zone-img\" src=\"https:\/\/assespro.org.br\/wp-content\/plugins\/js_composer\/assets\/vc\/vc_gitem_image.png\" alt=\"\" loading=\"lazy\"><div class=\"vc_gitem-zone-mini\"><\/div><\/div><\/div><\/div><div class=\"vc_clearfix\"><\/div><\/div><div class=\"vc_grid-item vc_clearfix vc_col-sm-4\"><div class=\"vc_grid-item-mini vc_clearfix\"><div class=\"vc_gitem-animated-block\" ><div class=\"vc_gitem-zone vc_gitem-zone-a vc_custom_1634699107231 vc-gitem-zone-height-mode-auto vc-gitem-zone-height-mode-auto-1-1 vc_gitem-is-link\"><a href=\"https:\/\/assespro.org.br\/en\/manifesto-publico-em-defesa-emprego-manutencao-desoneracao-da-folha\/\" title=\"MANIFESTO P\u00daBLICO EM DEFESA DO EMPREGO (manuten\u00e7\u00e3o desonera\u00e7\u00e3o da folha)\" class=\"vc_gitem-link vc-zone-link\" ><\/a><div class=\"vc_gitem-zone-mini\"><div class=\"vc_gitem_row vc_row vc_gitem-row-position-middle\"><div class=\"vc_col-sm-12 vc_gitem-col vc_gitem-col-align-\"><div class=\"vc_custom_heading vc_gitem-post-data vc_gitem-post-data-source-post_title\" ><div style=\"font-size: 24px;color: #ffffff;line-height: 1.3;text-align: left;font-family:Roboto;font-weight:300;font-style:normal\" >MANIFESTO P\u00daBLICO EM DEFESA DO EMPREGO (manuten\u00e7\u00e3o desonera\u00e7\u00e3o da folha)<\/div><\/div><div class=\"vc_separator wpb_content_element vc_separator_align_center vc_sep_width_50 vc_sep_border_width_2 vc_sep_pos_align_left vc_separator_no_text vc_sep_color_white wpb_content_element  wpb_content_element\" ><span class=\"vc_sep_holder vc_sep_holder_l\"><span class=\"vc_sep_line\"><\/span><\/span><span class=\"vc_sep_holder vc_sep_holder_r\"><span class=\"vc_sep_line\"><\/span><\/span>\n<\/div><div class=\"vc_custom_heading vc_gitem-post-data vc_gitem-post-data-source-post_excerpt\" ><div style=\"font-size: 14px;color: #e2e2e2;line-height: 1.3;text-align: left;font-family:Roboto;font-weight:400;font-style:normal\" ><p>As associa\u00e7\u00f5es e entidades setoriais abaixo assinadas \u2013 que representam alguns dos segmentos econ\u00f4micos mais expressivos em termos de gera\u00e7\u00e3o de empregos do Brasil \u2013 v\u00eam respeitosamente expor e reiterar a import\u00e2ncia da manuten\u00e7\u00e3o da pol\u00edtica da Contribui\u00e7\u00e3o Previdenci\u00e1ria sobre a Receita Bruta &#8211; CPRB (comumente referida como \u201cdesonera\u00e7\u00e3o da folha de pagamentos\u201d) contemplada no [&hellip;]<\/p>\n<\/div><\/div><\/div><\/div><\/div><\/div><div class=\"vc_gitem-zone vc_gitem-zone-b vc-gitem-zone-height-mode-auto vc_gitem-is-link\" style=\"background-image: url('https:\/\/assespro.org.br\/wp-content\/plugins\/js_composer\/assets\/vc\/vc_gitem_image.png') !important;\"><a href=\"https:\/\/assespro.org.br\/en\/manifesto-publico-em-defesa-emprego-manutencao-desoneracao-da-folha\/\" title=\"MANIFESTO P\u00daBLICO EM DEFESA DO EMPREGO (manuten\u00e7\u00e3o desonera\u00e7\u00e3o da folha)\" class=\"vc_gitem-link vc-zone-link\" ><\/a><img decoding=\"async\" class=\"vc_gitem-zone-img\" src=\"https:\/\/assespro.org.br\/wp-content\/plugins\/js_composer\/assets\/vc\/vc_gitem_image.png\" alt=\"\" loading=\"lazy\"><div class=\"vc_gitem-zone-mini\"><\/div><\/div><\/div><\/div><div class=\"vc_clearfix\"><\/div><\/div><\/div><div class=\"vc_pageable-load-more-btn\" data-vc-grid-load-more-btn=\"true\"><div class=\"vc_btn3-container  vc_grid-btn-load_more vc_btn3-inline\"><a href=\"javascript:;\" class=\"vc_general vc_btn3 vc_btn3-size-xs vc_btn3-shape-rounded vc_btn3-style-modern vc_btn3-color-default\"  title=\"Veja Mais\">Veja Mais<\/a><\/div><\/div><\/div>\n\t<\/div>\n<\/div><\/div><\/div><\/div><\/div>\n<\/div>","protected":false},"excerpt":{"rendered":"Para n\u00f3s, transpar\u00eancia \u00e9 buscar agir de forma honesta e comunicar abertamente nossas a\u00e7\u00f5es e informa\u00e7\u00f5es. Sendo assim, criamos este canal para compartilhar e manter o ecossistema informado. Conhe\u00e7a os documentos que orientam todas as nossas a\u00e7\u00f5es Estatuto Social C\u00f3digo de Conduta Politica de Privacidade Cartas e posicionamentos p\u00fablicos Nota Oficial da Federa\u00e7\u00e3o Assespro sobre [...]","protected":false},"author":1,"featured_media":0,"parent":0,"menu_order":0,"comment_status":"closed","ping_status":"closed","template":"","meta":{"_acf_changed":false,"footnotes":""},"class_list":["post-34199","page","type-page","status-publish","hentry"],"acf":[],"_links":{"self":[{"href":"https:\/\/assespro.org.br\/en\/wp-json\/wp\/v2\/pages\/34199","targetHints":{"allow":["GET"]}}],"collection":[{"href":"https:\/\/assespro.org.br\/en\/wp-json\/wp\/v2\/pages"}],"about":[{"href":"https:\/\/assespro.org.br\/en\/wp-json\/wp\/v2\/types\/page"}],"author":[{"embeddable":true,"href":"https:\/\/assespro.org.br\/en\/wp-json\/wp\/v2\/users\/1"}],"replies":[{"embeddable":true,"href":"https:\/\/assespro.org.br\/en\/wp-json\/wp\/v2\/comments?post=34199"}],"version-history":[{"count":14,"href":"https:\/\/assespro.org.br\/en\/wp-json\/wp\/v2\/pages\/34199\/revisions"}],"predecessor-version":[{"id":34649,"href":"https:\/\/assespro.org.br\/en\/wp-json\/wp\/v2\/pages\/34199\/revisions\/34649"}],"wp:attachment":[{"href":"https:\/\/assespro.org.br\/en\/wp-json\/wp\/v2\/media?parent=34199"}],"curies":[{"name":"wp","href":"https:\/\/api.w.org\/{rel}","templated":true}]}}