{"id":34197,"date":"2021-08-17T17:09:53","date_gmt":"2021-08-17T17:09:53","guid":{"rendered":"https:\/\/upperweb.com.br\/assespro\/?page_id=34197"},"modified":"2025-12-18T13:46:40","modified_gmt":"2025-12-18T13:46:40","slug":"diretoria","status":"publish","type":"page","link":"https:\/\/assespro.org.br\/en\/diretoria\/","title":{"rendered":"Diretoria"},"content":{"rendered":"<div class=\"wpb-content-wrapper\"><div class=\"vc_row wpb_row vc_row-fluid\"><div class=\"wpb_column vc_column_container vc_col-sm-12\"><div class=\"vc_column-inner\"><div class=\"wpb_wrapper\">\n\t<div class=\"wpb_text_column wpb_content_element\" >\n\t\t<div class=\"wpb_wrapper\">\n\t\t\t<h2 style=\"text-align: center;\">Diretoria Confedera\u00e7\u00e3o Assespro &#8211; Gest\u00e3o 2025\/2026<\/h2>\n\n\t\t<\/div>\n\t<\/div>\n\n\t<div class=\"wpb_text_column wpb_content_element wpb_animate_when_almost_visible wpb_fadeInLeft fadeInLeft vc_custom_1737736308255\" >\n\t\t<div class=\"wpb_wrapper\">\n\t\t\t<h2 style=\"text-align: center;\"><strong>Diretoria Executiva<\/strong><\/h2>\n\n\t\t<\/div>\n\t<\/div>\n<div class=\"vc_row wpb_row vc_inner vc_row-fluid\"><div class=\"wpb_column vc_column_container vc_col-sm-4\"><div class=\"vc_column-inner\"><div class=\"wpb_wrapper\"><div class=\"vcex-image vcex-module vcex-clr\"><span class=\"vcex-image-inner\"><img fetchpriority=\"high\" decoding=\"async\" width=\"400\" height=\"600\" src=\"https:\/\/assespro.org.br\/wp-content\/uploads\/2025\/01\/deybson-1.png\" class=\"attachment-wpex_custom size-wpex_custom\" alt=\"\" srcset=\"https:\/\/assespro.org.br\/wp-content\/uploads\/2025\/01\/deybson-1.png 400w, https:\/\/assespro.org.br\/wp-content\/uploads\/2025\/01\/deybson-1-200x300.png 200w, https:\/\/assespro.org.br\/wp-content\/uploads\/2025\/01\/deybson-1-8x12.png 8w\" sizes=\"(max-width: 400px) 100vw, 400px\" \/><\/span><\/div>\n\t<div class=\"wpb_text_column wpb_content_element vc_custom_1737737427054\" >\n\t\t<div class=\"wpb_wrapper\">\n\t\t\t<h5 style=\"text-align: center;\">Deybson de S. Cipriano (GO)<\/h5>\n\n\t\t<\/div>\n\t<\/div>\n\n\t<div class=\"wpb_text_column wpb_content_element vc_custom_1737734956670\" >\n\t\t<div class=\"wpb_wrapper\">\n\t\t\t<p style=\"text-align: center;\">Presidente<\/p>\n\n\t\t<\/div>\n\t<\/div>\n\n\t<div class=\"wpb_text_column wpb_content_element vc_custom_1737736186812\" >\n\t\t<div class=\"wpb_wrapper\">\n\t\t\t<p style=\"text-align: center;\">deybson.cipriano@assespro.org.br<\/p>\n\n\t\t<\/div>\n\t<\/div>\n<\/div><\/div><\/div><div class=\"wpb_column vc_column_container vc_col-sm-4\"><div class=\"vc_column-inner\"><div class=\"wpb_wrapper\"><div class=\"vcex-image vcex-module vcex-clr\"><span class=\"vcex-image-inner\"><img decoding=\"async\" width=\"400\" height=\"600\" src=\"https:\/\/assespro.org.br\/wp-content\/uploads\/2025\/01\/alexandre-1.png\" class=\"attachment-wpex_custom size-wpex_custom\" alt=\"\" srcset=\"https:\/\/assespro.org.br\/wp-content\/uploads\/2025\/01\/alexandre-1.png 400w, https:\/\/assespro.org.br\/wp-content\/uploads\/2025\/01\/alexandre-1-200x300.png 200w, https:\/\/assespro.org.br\/wp-content\/uploads\/2025\/01\/alexandre-1-8x12.png 8w\" sizes=\"(max-width: 400px) 100vw, 400px\" \/><\/span><\/div>\n\t<div class=\"wpb_text_column wpb_content_element vc_custom_1737737413965\" >\n\t\t<div class=\"wpb_wrapper\">\n\t\t\t<h5 style=\"text-align: center;\">Alexandre Mota Machado (RS)<\/h5>\n\n\t\t<\/div>\n\t<\/div>\n\n\t<div class=\"wpb_text_column wpb_content_element vc_custom_1737734973332\" >\n\t\t<div class=\"wpb_wrapper\">\n\t\t\t<p style=\"text-align: center;\">Vice Presidente de Comunica\u00e7\u00e3o<\/p>\n\n\t\t<\/div>\n\t<\/div>\n\n\t<div class=\"wpb_text_column wpb_content_element vc_custom_1737734978982\" >\n\t\t<div class=\"wpb_wrapper\">\n\t\t\t<p style=\"text-align: center;\">alexandre.mota@assespro.org.br<\/p>\n\n\t\t<\/div>\n\t<\/div>\n<\/div><\/div><\/div><div class=\"wpb_column vc_column_container vc_col-sm-4\"><div class=\"vc_column-inner\"><div class=\"wpb_wrapper\"><div class=\"vcex-image vcex-module vcex-clr\"><span class=\"vcex-image-inner\"><img decoding=\"async\" width=\"400\" height=\"600\" src=\"https:\/\/assespro.org.br\/wp-content\/uploads\/2025\/01\/daniel-1.png\" class=\"attachment-wpex_custom size-wpex_custom\" alt=\"\" srcset=\"https:\/\/assespro.org.br\/wp-content\/uploads\/2025\/01\/daniel-1.png 400w, https:\/\/assespro.org.br\/wp-content\/uploads\/2025\/01\/daniel-1-200x300.png 200w, https:\/\/assespro.org.br\/wp-content\/uploads\/2025\/01\/daniel-1-8x12.png 8w\" sizes=\"(max-width: 400px) 100vw, 400px\" \/><\/span><\/div>\n\t<div class=\"wpb_text_column wpb_content_element vc_custom_1737737418817\" >\n\t\t<div class=\"wpb_wrapper\">\n\t\t\t<h5 style=\"text-align: center;\">Daniel Leipnitz<\/h5>\n\n\t\t<\/div>\n\t<\/div>\n\n\t<div class=\"wpb_text_column wpb_content_element vc_custom_1737736141391\" >\n\t\t<div class=\"wpb_wrapper\">\n\t\t\t<p style=\"text-align: center;\">Vice Presidente de Sustentabilidade<\/p>\n\n\t\t<\/div>\n\t<\/div>\n\n\t<div class=\"wpb_text_column wpb_content_element vc_custom_1737736152114\" >\n\t\t<div class=\"wpb_wrapper\">\n\t\t\t<p style=\"text-align: center;\">&#8211;<\/p>\n\n\t\t<\/div>\n\t<\/div>\n<\/div><\/div><\/div><\/div><div class=\"vc_row wpb_row vc_inner vc_row-fluid vc_custom_1737737711923\"><div class=\"wpb_column vc_column_container vc_col-sm-4\"><div class=\"vc_column-inner\"><div class=\"wpb_wrapper\"><div class=\"vcex-image vcex-module vcex-clr\"><span class=\"vcex-image-inner\"><img loading=\"lazy\" decoding=\"async\" width=\"400\" height=\"600\" src=\"https:\/\/assespro.org.br\/wp-content\/uploads\/2025\/12\/asd.png\" class=\"attachment-wpex_custom size-wpex_custom\" alt=\"\" srcset=\"https:\/\/assespro.org.br\/wp-content\/uploads\/2025\/12\/asd.png 400w, https:\/\/assespro.org.br\/wp-content\/uploads\/2025\/12\/asd-200x300.png 200w, https:\/\/assespro.org.br\/wp-content\/uploads\/2025\/12\/asd-8x12.png 8w\" sizes=\"(max-width: 400px) 100vw, 400px\" \/><\/span><\/div>\n\t<div class=\"wpb_text_column wpb_content_element vc_custom_1766065454405\" >\n\t\t<div class=\"wpb_wrapper\">\n\t\t\t<h5 style=\"text-align: center;\">Rodrigo Jonas Fragola<\/h5>\n\n\t\t<\/div>\n\t<\/div>\n\n\t<div class=\"wpb_text_column wpb_content_element vc_custom_1737736181105\" >\n\t\t<div class=\"wpb_wrapper\">\n\t\t\t<p style=\"text-align: center;\">Vice-Presidente de Articula\u00e7\u00e3o Pol\u00edtica<\/p>\n\n\t\t<\/div>\n\t<\/div>\n\n\t<div class=\"wpb_text_column wpb_content_element vc_custom_1766065598105\" >\n\t\t<div class=\"wpb_wrapper\">\n\t\t\t<p style=\"text-align: center;\">rodrigo.fragola@assespro.org.br<\/p>\n\n\t\t<\/div>\n\t<\/div>\n<\/div><\/div><\/div><div class=\"wpb_column vc_column_container vc_col-sm-4\"><div class=\"vc_column-inner\"><div class=\"wpb_wrapper\"><div class=\"vcex-image vcex-module vcex-clr\"><span class=\"vcex-image-inner\"><img loading=\"lazy\" decoding=\"async\" width=\"400\" height=\"600\" src=\"https:\/\/assespro.org.br\/wp-content\/uploads\/2025\/01\/geovanne-1.png\" class=\"attachment-wpex_custom size-wpex_custom\" alt=\"\" srcset=\"https:\/\/assespro.org.br\/wp-content\/uploads\/2025\/01\/geovanne-1.png 400w, https:\/\/assespro.org.br\/wp-content\/uploads\/2025\/01\/geovanne-1-200x300.png 200w, https:\/\/assespro.org.br\/wp-content\/uploads\/2025\/01\/geovanne-1-8x12.png 8w\" sizes=\"(max-width: 400px) 100vw, 400px\" \/><\/span><\/div>\n\t<div class=\"wpb_text_column wpb_content_element vc_custom_1737737433082\" >\n\t\t<div class=\"wpb_wrapper\">\n\t\t\t<h5 style=\"text-align: center;\">Geovanne Teles (MG)<\/h5>\n\n\t\t<\/div>\n\t<\/div>\n\n\t<div class=\"wpb_text_column wpb_content_element vc_custom_1737736195696\" >\n\t\t<div class=\"wpb_wrapper\">\n\t\t\t<p style=\"text-align: center;\">Vice-Presidente de Finan\u00e7as<\/p>\n\n\t\t<\/div>\n\t<\/div>\n\n\t<div class=\"wpb_text_column wpb_content_element vc_custom_1737736199708\" >\n\t\t<div class=\"wpb_wrapper\">\n\t\t\t<p style=\"text-align: center;\">geovanne.teles@assespro.org.br<\/p>\n\n\t\t<\/div>\n\t<\/div>\n<\/div><\/div><\/div><div class=\"wpb_column vc_column_container vc_col-sm-4\"><div class=\"vc_column-inner\"><div class=\"wpb_wrapper\"><div class=\"vcex-image vcex-module vcex-clr\"><span class=\"vcex-image-inner\"><img loading=\"lazy\" decoding=\"async\" width=\"400\" height=\"600\" src=\"https:\/\/assespro.org.br\/wp-content\/uploads\/2025\/01\/isamar-1.png\" class=\"attachment-wpex_custom size-wpex_custom\" alt=\"\" srcset=\"https:\/\/assespro.org.br\/wp-content\/uploads\/2025\/01\/isamar-1.png 400w, https:\/\/assespro.org.br\/wp-content\/uploads\/2025\/01\/isamar-1-200x300.png 200w, https:\/\/assespro.org.br\/wp-content\/uploads\/2025\/01\/isamar-1-8x12.png 8w\" sizes=\"(max-width: 400px) 100vw, 400px\" \/><\/span><\/div>\n\t<div class=\"wpb_text_column wpb_content_element vc_custom_1737737439003\" >\n\t\t<div class=\"wpb_wrapper\">\n\t\t\t<h5 style=\"text-align: center;\">Isamar Maia (BA)<\/h5>\n\n\t\t<\/div>\n\t<\/div>\n\n\t<div class=\"wpb_text_column wpb_content_element vc_custom_1737736206960\" >\n\t\t<div class=\"wpb_wrapper\">\n\t\t\t<p style=\"text-align: center;\">Vice-Presidente Jur\u00eddico<\/p>\n\n\t\t<\/div>\n\t<\/div>\n\n\t<div class=\"wpb_text_column wpb_content_element vc_custom_1737736212230\" >\n\t\t<div class=\"wpb_wrapper\">\n\t\t\t<p style=\"text-align: center;\">isamar.maia@assespro.org.br<\/p>\n\n\t\t<\/div>\n\t<\/div>\n<\/div><\/div><\/div><\/div><div class=\"vc_row wpb_row vc_inner vc_row-fluid vc_custom_1737737702310\"><div class=\"wpb_column vc_column_container vc_col-sm-4\"><div class=\"vc_column-inner\"><div class=\"wpb_wrapper\"><div class=\"vcex-image vcex-module vcex-clr\"><span class=\"vcex-image-inner\"><img loading=\"lazy\" decoding=\"async\" width=\"400\" height=\"600\" src=\"https:\/\/assespro.org.br\/wp-content\/uploads\/2025\/01\/lais-1.png\" class=\"attachment-wpex_custom size-wpex_custom\" alt=\"\" srcset=\"https:\/\/assespro.org.br\/wp-content\/uploads\/2025\/01\/lais-1.png 400w, https:\/\/assespro.org.br\/wp-content\/uploads\/2025\/01\/lais-1-200x300.png 200w, https:\/\/assespro.org.br\/wp-content\/uploads\/2025\/01\/lais-1-8x12.png 8w\" sizes=\"(max-width: 400px) 100vw, 400px\" \/><\/span><\/div>\n\t<div class=\"wpb_text_column wpb_content_element vc_custom_1737737446163\" >\n\t\t<div class=\"wpb_wrapper\">\n\t\t\t<h5 style=\"text-align: center;\">La\u00eds\u00a0Xavier<\/h5>\n\n\t\t<\/div>\n\t<\/div>\n\n\t<div class=\"wpb_text_column wpb_content_element vc_custom_1737736223518\" >\n\t\t<div class=\"wpb_wrapper\">\n\t\t\t<p style=\"text-align: center;\">Vice-Presidente Governan\u00e7a e Planejamento<\/p>\n\n\t\t<\/div>\n\t<\/div>\n\n\t<div class=\"wpb_text_column wpb_content_element vc_custom_1737736228732\" >\n\t\t<div class=\"wpb_wrapper\">\n\t\t\t<p style=\"text-align: center;\">&#8211;<\/p>\n\n\t\t<\/div>\n\t<\/div>\n<\/div><\/div><\/div><div class=\"wpb_column vc_column_container vc_col-sm-4\"><div class=\"vc_column-inner\"><div class=\"wpb_wrapper\"><div class=\"vcex-image vcex-module vcex-clr\"><span class=\"vcex-image-inner\"><img loading=\"lazy\" decoding=\"async\" width=\"400\" height=\"600\" src=\"https:\/\/assespro.org.br\/wp-content\/uploads\/2025\/01\/maria-1.png\" class=\"attachment-wpex_custom size-wpex_custom\" alt=\"\" srcset=\"https:\/\/assespro.org.br\/wp-content\/uploads\/2025\/01\/maria-1.png 400w, https:\/\/assespro.org.br\/wp-content\/uploads\/2025\/01\/maria-1-200x300.png 200w, https:\/\/assespro.org.br\/wp-content\/uploads\/2025\/01\/maria-1-8x12.png 8w\" sizes=\"(max-width: 400px) 100vw, 400px\" \/><\/span><\/div>\n\t<div class=\"wpb_text_column wpb_content_element vc_custom_1737737458948\" >\n\t\t<div class=\"wpb_wrapper\">\n\t\t\t<h5 style=\"text-align: center;\">Maria Luiza Reis (RJ)<\/h5>\n\n\t\t<\/div>\n\t<\/div>\n\n\t<div class=\"wpb_text_column wpb_content_element vc_custom_1737736236195\" >\n\t\t<div class=\"wpb_wrapper\">\n\t\t\t<p style=\"text-align: center;\">Vice-presidente de Educa\u00e7\u00e3o<\/p>\n\n\t\t<\/div>\n\t<\/div>\n\n\t<div class=\"wpb_text_column wpb_content_element vc_custom_1737736240089\" >\n\t\t<div class=\"wpb_wrapper\">\n\t\t\t<p style=\"text-align: center;\">marialuiza.reis@assespro.org.br<\/p>\n\n\t\t<\/div>\n\t<\/div>\n<\/div><\/div><\/div><div class=\"wpb_column vc_column_container vc_col-sm-4\"><div class=\"vc_column-inner\"><div class=\"wpb_wrapper\"><div class=\"vcex-image vcex-module vcex-clr\"><span class=\"vcex-image-inner\"><img loading=\"lazy\" decoding=\"async\" width=\"400\" height=\"600\" src=\"https:\/\/assespro.org.br\/wp-content\/uploads\/2025\/01\/roberto-1.png\" class=\"attachment-wpex_custom size-wpex_custom\" alt=\"\" srcset=\"https:\/\/assespro.org.br\/wp-content\/uploads\/2025\/01\/roberto-1.png 400w, https:\/\/assespro.org.br\/wp-content\/uploads\/2025\/01\/roberto-1-200x300.png 200w, https:\/\/assespro.org.br\/wp-content\/uploads\/2025\/01\/roberto-1-8x12.png 8w\" sizes=\"(max-width: 400px) 100vw, 400px\" \/><\/span><\/div>\n\t<div class=\"wpb_text_column wpb_content_element vc_custom_1737737465138\" >\n\t\t<div class=\"wpb_wrapper\">\n\t\t\t<h5 style=\"text-align: center;\">Roberto Mayer (SP)<\/h5>\n\n\t\t<\/div>\n\t<\/div>\n\n\t<div class=\"wpb_text_column wpb_content_element vc_custom_1737736251295\" >\n\t\t<div class=\"wpb_wrapper\">\n\t\t\t<p style=\"text-align: center;\">Vice-Presidente de Rela\u00e7\u00f5es Internacionais<\/p>\n\n\t\t<\/div>\n\t<\/div>\n\n\t<div class=\"wpb_text_column wpb_content_element vc_custom_1737736255496\" >\n\t\t<div class=\"wpb_wrapper\">\n\t\t\t<p style=\"text-align: center;\">roberto.mayer@assespro.org.br<\/p>\n\n\t\t<\/div>\n\t<\/div>\n<\/div><\/div><\/div><\/div><div class=\"vc_row wpb_row vc_inner vc_row-fluid vc_custom_1737737759492\"><div class=\"wpb_column vc_column_container vc_col-sm-4\"><div class=\"vc_column-inner\"><div class=\"wpb_wrapper\"><div class=\"vcex-image vcex-module vcex-clr\"><span class=\"vcex-image-inner\"><img loading=\"lazy\" decoding=\"async\" width=\"400\" height=\"600\" src=\"https:\/\/assespro.org.br\/wp-content\/uploads\/2025\/01\/sandro-1.png\" class=\"attachment-wpex_custom size-wpex_custom\" alt=\"\" srcset=\"https:\/\/assespro.org.br\/wp-content\/uploads\/2025\/01\/sandro-1.png 400w, https:\/\/assespro.org.br\/wp-content\/uploads\/2025\/01\/sandro-1-200x300.png 200w, https:\/\/assespro.org.br\/wp-content\/uploads\/2025\/01\/sandro-1-8x12.png 8w\" sizes=\"(max-width: 400px) 100vw, 400px\" \/><\/span><\/div>\n\t<div class=\"wpb_text_column wpb_content_element vc_custom_1737737471076\" >\n\t\t<div class=\"wpb_wrapper\">\n\t\t\t<h5 style=\"text-align: center;\">Sandro Mol\u00e9s da Silva (PR)<\/h5>\n\n\t\t<\/div>\n\t<\/div>\n\n\t<div class=\"wpb_text_column wpb_content_element vc_custom_1737736282692\" >\n\t\t<div class=\"wpb_wrapper\">\n\t\t\t<p style=\"text-align: center;\">Vice-Presidente de Marketing e Eventos<\/p>\n\n\t\t<\/div>\n\t<\/div>\n\n\t<div class=\"wpb_text_column wpb_content_element vc_custom_1737736287198\" >\n\t\t<div class=\"wpb_wrapper\">\n\t\t\t<p style=\"text-align: center;\">sandro.moles@assespro.org.br<\/p>\n\n\t\t<\/div>\n\t<\/div>\n<\/div><\/div><\/div><\/div><\/div><\/div><\/div><\/div>\n<\/div>","protected":false},"excerpt":{"rendered":"","protected":false},"author":1,"featured_media":0,"parent":0,"menu_order":0,"comment_status":"closed","ping_status":"closed","template":"","meta":{"_acf_changed":false,"footnotes":""},"class_list":["post-34197","page","type-page","status-publish","hentry"],"acf":[],"_links":{"self":[{"href":"https:\/\/assespro.org.br\/en\/wp-json\/wp\/v2\/pages\/34197","targetHints":{"allow":["GET"]}}],"collection":[{"href":"https:\/\/assespro.org.br\/en\/wp-json\/wp\/v2\/pages"}],"about":[{"href":"https:\/\/assespro.org.br\/en\/wp-json\/wp\/v2\/types\/page"}],"author":[{"embeddable":true,"href":"https:\/\/assespro.org.br\/en\/wp-json\/wp\/v2\/users\/1"}],"replies":[{"embeddable":true,"href":"https:\/\/assespro.org.br\/en\/wp-json\/wp\/v2\/comments?post=34197"}],"version-history":[{"count":42,"href":"https:\/\/assespro.org.br\/en\/wp-json\/wp\/v2\/pages\/34197\/revisions"}],"predecessor-version":[{"id":40131,"href":"https:\/\/assespro.org.br\/en\/wp-json\/wp\/v2\/pages\/34197\/revisions\/40131"}],"wp:attachment":[{"href":"https:\/\/assespro.org.br\/en\/wp-json\/wp\/v2\/media?parent=34197"}],"curies":[{"name":"wp","href":"https:\/\/api.w.org\/{rel}","templated":true}]}}