{"id":123,"date":"2021-03-03T04:27:47","date_gmt":"2021-03-03T04:27:47","guid":{"rendered":"https:\/\/upperweb.com.br\/assespro\/?page_id=123"},"modified":"2025-07-23T13:16:49","modified_gmt":"2025-07-23T13:16:49","slug":"sobre","status":"publish","type":"page","link":"https:\/\/assespro.org.br\/en\/sobre\/","title":{"rendered":"Sobre"},"content":{"rendered":"<div class=\"wpb-content-wrapper\"><div class=\"vc_row wpb_row vc_row-fluid\"><div class=\"wpb_column vc_column_container vc_col-sm-8\"><div class=\"vc_column-inner\"><div class=\"wpb_wrapper\">\n\t<div class=\"wpb_text_column wpb_content_element wpb_animate_when_almost_visible wpb_fadeInUp fadeInUp\" >\n\t\t<div class=\"wpb_wrapper\">\n\t\t\t<p>A <strong>Confedera\u00e7\u00e3o das<\/strong> <strong>Associa\u00e7\u00f5es das Empresas Brasileiras de Tecnologia da Informa\u00e7\u00e3o (ASSESPRO)<\/strong> \u00e9 a representante mais antiga, de maior representatividade e capilaridade do setor, em especial, das pequenas e m\u00e9dias empresas. Fundada em 23 de agosto\u00a0de\u00a01976, \u00e9 uma entidade sem fins lucrativos, sediada em Bras\u00edlia\/DF, criada com o intuito de representar de forma distinta e empreendedora, empresas privadas nacionais produtoras e desenvolvedoras de software, produtos e servi\u00e7os de tecnologia da informa\u00e7\u00e3o, telecomunica\u00e7\u00f5es e internet. Ao longo dessas quatro d\u00e9cadas, a entidade vem defendendo os interesses das empresas nacionais e a ind\u00fastria nacional da tecnologia da informa\u00e7\u00e3o.<br \/>\nHoje, com mais de 2.500 empresas associadas em todos os estados do Brasil e com regionais em 13 estados da confedera\u00e7\u00e3o, a <strong>ASSESPRO<\/strong> assume cada vez mais esta posi\u00e7\u00e3o de representante do setor junto aos governos municipais, estaduais e federal, junto a sociedade, e perante as institui\u00e7\u00f5es de ensino, com o objetivo de integrar a comunidade acad\u00eamica com a empresarial e contribuir para forma\u00e7\u00e3o de pessoal capacitado para as demandas do mercado.<br \/>\nNos \u00faltimos anos, a <strong>ASSESPRO<\/strong> tem se destacado no debate dos principais temas de interesse do setor de tecnologia da informa\u00e7\u00e3o e inova\u00e7\u00e3o junto ao Congresso Nacional, Poder Judici\u00e1rio e \u00f3rg\u00e3os do Governo Federal, participando de in\u00fameras audi\u00eancias p\u00fablicas, semin\u00e1rios, reuni\u00f5es de trabalho e outras atividades visando contribuir para o aprimoramento das pol\u00edticas p\u00fablicas desse importante segmento produtivo brasileiro.<\/p>\n\n\t\t<\/div>\n\t<\/div>\n<\/div><\/div><\/div><div class=\"wpb_column vc_column_container vc_col-sm-4\"><div class=\"vc_column-inner\"><div class=\"wpb_wrapper\"><div class=\"vcex-image vcex-module vcex-clr textcenter  wpb_animate_when_almost_visible wpb_fadeInRight fadeInRight\"><span class=\"vcex-image-inner\"><img fetchpriority=\"high\" decoding=\"async\" width=\"647\" height=\"588\" src=\"https:\/\/assespro.org.br\/wp-content\/uploads\/2024\/12\/logo_rodape2.png\" class=\"attachment-wpex_custom size-wpex_custom\" alt=\"\" srcset=\"https:\/\/assespro.org.br\/wp-content\/uploads\/2024\/12\/logo_rodape2.png 647w, https:\/\/assespro.org.br\/wp-content\/uploads\/2024\/12\/logo_rodape2-300x273.png 300w, https:\/\/assespro.org.br\/wp-content\/uploads\/2024\/12\/logo_rodape2-13x12.png 13w\" sizes=\"(max-width: 647px) 100vw, 647px\" \/><\/span><\/div><\/div><\/div><\/div><\/div><div class=\"vc_row wpb_row vc_row-fluid vc_custom_1630351867828\"><div class=\"wpb_column vc_column_container vc_col-sm-12\"><div class=\"vc_column-inner\"><div class=\"wpb_wrapper\">\n\t<div class=\"wpb_text_column wpb_content_element\" >\n\t\t<div class=\"wpb_wrapper\">\n\t\t\t<p>#JuntosSomosMais!<\/p>\n\n\t\t<\/div>\n\t<\/div>\n<\/div><\/div><\/div><\/div><div class=\"vc_row wpb_row vc_row-fluid vc_custom_1614747030497\"><div class=\"wpb_column vc_column_container vc_col-sm-4\"><div class=\"vc_column-inner\"><div class=\"wpb_wrapper\"><div class=\"vc_row wpb_row vc_inner vc_row-fluid\"><div class=\"wpb_column vc_column_container vc_col-sm-8\"><div class=\"vc_column-inner\"><div class=\"wpb_wrapper\"><div class=\"vc_separator wpb_content_element vc_separator_align_center vc_sep_width_30 vc_sep_border_width_10 vc_sep_pos_align_left vc_separator_no_text vc_sep_color_blue wpb_content_element  wpb_content_element wpb_animate_when_almost_visible wpb_fadeInLeft fadeInLeft wpb_animate_when_almost_visible wpb_fadeInLeft fadeInLeft\" ><span class=\"vc_sep_holder vc_sep_holder_l\"><span class=\"vc_sep_line\"><\/span><\/span><span class=\"vc_sep_holder vc_sep_holder_r\"><span class=\"vc_sep_line\"><\/span><\/span>\n<\/div>\n\t<div class=\"wpb_text_column wpb_content_element wpb_animate_when_almost_visible wpb_fadeInLeft fadeInLeft vc_custom_1630352159893\" >\n\t\t<div class=\"wpb_wrapper\">\n\t\t\t<p>NOSSO<br \/>\n<strong>PROP\u00d3SITO<\/strong><\/p>\n\n\t\t<\/div>\n\t<\/div>\n<\/div><\/div><\/div><div class=\"wpb_column vc_column_container vc_col-sm-4\"><div class=\"vc_column-inner\"><div class=\"wpb_wrapper\"><div class=\"vcex-image vcex-module vcex-clr textleft\"><span class=\"vcex-image-inner vc_custom_1630352178096\"><img decoding=\"async\" width=\"149\" height=\"138\" src=\"https:\/\/assespro.org.br\/wp-content\/uploads\/2021\/08\/alvo.png\" class=\"attachment-wpex_custom size-wpex_custom\" alt=\"\" srcset=\"https:\/\/assespro.org.br\/wp-content\/uploads\/2021\/08\/alvo.png 149w, https:\/\/assespro.org.br\/wp-content\/uploads\/2021\/08\/alvo-13x12.png 13w, https:\/\/assespro.org.br\/wp-content\/uploads\/2021\/08\/alvo-100x93.png 100w\" sizes=\"(max-width: 149px) 100vw, 149px\" \/><\/span><\/div><\/div><\/div><\/div><\/div>\n\t<div class=\"wpb_text_column wpb_content_element wpb_animate_when_almost_visible wpb_fadeInUp fadeInUp vc_custom_1630352291542\" >\n\t\t<div class=\"wpb_wrapper\">\n\t\t\t<p>Promover o desenvolvimento da sociedade com aplica\u00e7\u00e3o de inova\u00e7\u00e3o e tecnologia.<\/p>\n\n\t\t<\/div>\n\t<\/div>\n<\/div><\/div><\/div><div class=\"wpb_column vc_column_container vc_col-sm-4\"><div class=\"vc_column-inner\"><div class=\"wpb_wrapper\"><div class=\"vc_row wpb_row vc_inner vc_row-fluid\"><div class=\"wpb_column vc_column_container vc_col-sm-8\"><div class=\"vc_column-inner\"><div class=\"wpb_wrapper\"><div class=\"vc_separator wpb_content_element vc_separator_align_center vc_sep_width_30 vc_sep_border_width_10 vc_sep_pos_align_left vc_separator_no_text vc_sep_color_blue wpb_content_element  wpb_content_element wpb_animate_when_almost_visible wpb_fadeInLeft fadeInLeft wpb_animate_when_almost_visible wpb_fadeInLeft fadeInLeft\" ><span class=\"vc_sep_holder vc_sep_holder_l\"><span class=\"vc_sep_line\"><\/span><\/span><span class=\"vc_sep_holder vc_sep_holder_r\"><span class=\"vc_sep_line\"><\/span><\/span>\n<\/div>\n\t<div class=\"wpb_text_column wpb_content_element wpb_animate_when_almost_visible wpb_fadeInLeft fadeInLeft vc_custom_1630352445801\" >\n\t\t<div class=\"wpb_wrapper\">\n\t\t\t<p>NOSSA<br \/>\n<strong>VIS\u00c3O<\/strong><\/p>\n\n\t\t<\/div>\n\t<\/div>\n<\/div><\/div><\/div><div class=\"wpb_column vc_column_container vc_col-sm-4\"><div class=\"vc_column-inner\"><div class=\"wpb_wrapper\"><div class=\"vcex-image vcex-module vcex-clr textleft\"><span class=\"vcex-image-inner vc_custom_1630352540806\"><img decoding=\"async\" width=\"153\" height=\"164\" src=\"https:\/\/assespro.org.br\/wp-content\/uploads\/2021\/08\/olho.png\" class=\"attachment-wpex_custom size-wpex_custom\" alt=\"\" srcset=\"https:\/\/assespro.org.br\/wp-content\/uploads\/2021\/08\/olho.png 153w, https:\/\/assespro.org.br\/wp-content\/uploads\/2021\/08\/olho-11x12.png 11w, https:\/\/assespro.org.br\/wp-content\/uploads\/2021\/08\/olho-100x107.png 100w\" sizes=\"(max-width: 153px) 100vw, 153px\" \/><\/span><\/div><\/div><\/div><\/div><\/div>\n\t<div class=\"wpb_text_column wpb_content_element wpb_animate_when_almost_visible wpb_fadeInUp fadeInUp vc_custom_1630352572541\" >\n\t\t<div class=\"wpb_wrapper\">\n\t\t\t<p>Trabalhar para que o setor de TI seja o principal vetor de desenvolvimento nacional.<\/p>\n\n\t\t<\/div>\n\t<\/div>\n<\/div><\/div><\/div><div class=\"wpb_column vc_column_container vc_col-sm-4\"><div class=\"vc_column-inner\"><div class=\"wpb_wrapper\"><div class=\"vc_row wpb_row vc_inner vc_row-fluid\"><div class=\"wpb_column vc_column_container vc_col-sm-8\"><div class=\"vc_column-inner\"><div class=\"wpb_wrapper\"><div class=\"vc_separator wpb_content_element vc_separator_align_center vc_sep_width_30 vc_sep_border_width_10 vc_sep_pos_align_left vc_separator_no_text vc_sep_color_blue wpb_content_element  wpb_content_element wpb_animate_when_almost_visible wpb_fadeInLeft fadeInLeft wpb_animate_when_almost_visible wpb_fadeInLeft fadeInLeft\" ><span class=\"vc_sep_holder vc_sep_holder_l\"><span class=\"vc_sep_line\"><\/span><\/span><span class=\"vc_sep_holder vc_sep_holder_r\"><span class=\"vc_sep_line\"><\/span><\/span>\n<\/div>\n\t<div class=\"wpb_text_column wpb_content_element wpb_animate_when_almost_visible wpb_fadeInLeft fadeInLeft vc_custom_1630352477264\" >\n\t\t<div class=\"wpb_wrapper\">\n\t\t\t<p>NOSSA<br \/>\n<strong>MISS\u00c3O<\/strong><\/p>\n\n\t\t<\/div>\n\t<\/div>\n<\/div><\/div><\/div><div class=\"wpb_column vc_column_container vc_col-sm-4\"><div class=\"vc_column-inner\"><div class=\"wpb_wrapper\"><div class=\"vcex-image vcex-module vcex-clr textleft\"><span class=\"vcex-image-inner vc_custom_1630352548676\"><img loading=\"lazy\" decoding=\"async\" width=\"164\" height=\"138\" src=\"https:\/\/assespro.org.br\/wp-content\/uploads\/2021\/08\/montanha.png\" class=\"attachment-wpex_custom size-wpex_custom\" alt=\"\" srcset=\"https:\/\/assespro.org.br\/wp-content\/uploads\/2021\/08\/montanha.png 164w, https:\/\/assespro.org.br\/wp-content\/uploads\/2021\/08\/montanha-14x12.png 14w, https:\/\/assespro.org.br\/wp-content\/uploads\/2021\/08\/montanha-100x84.png 100w\" sizes=\"(max-width: 164px) 100vw, 164px\" \/><\/span><\/div><\/div><\/div><\/div><\/div>\n\t<div class=\"wpb_text_column wpb_content_element wpb_animate_when_almost_visible wpb_fadeInUp fadeInUp vc_custom_1630352593018\" >\n\t\t<div class=\"wpb_wrapper\">\n\t\t\t<p>Representar e fomentar os interesses coletivos das empresas associadas na constru\u00e7\u00e3o de uma sociedade fortalecida pela Tecnologia da Informa\u00e7\u00e3o.<\/p>\n\n\t\t<\/div>\n\t<\/div>\n<\/div><\/div><\/div><\/div><div class=\"vc_row wpb_row vc_row-fluid vc_custom_1614747030497\"><div class=\"wpb_column vc_column_container vc_col-sm-12\"><div class=\"vc_column-inner\"><div class=\"wpb_wrapper\">\n\t<div class=\"wpb_text_column wpb_content_element wpb_animate_when_almost_visible wpb_fadeInUp fadeInUp\" >\n\t\t<div class=\"wpb_wrapper\">\n\t\t\t<h4><strong>A import\u00e2ncia da ASSESPRO \u00e9 reconhecida em todos os n\u00edveis de governo, e na sociedade,<br \/>\ne al\u00e9m de suas intensas atividades, a entidade \u00e9 membro ativo das seguintes organiza\u00e7\u00f5es:<\/strong><\/h4>\n<p>1) Comit\u00ea da \u00c1rea de Tecnologia da Informa\u00e7\u00e3o, do Minist\u00e9rio da Ci\u00eancia e Tecnologia \u2013 CATI<br \/>\n2) Comit\u00ea Gestor da Internet do Minist\u00e9rio da Ci\u00eancia e Tecnologia \u2013 CGI.br<br \/>\n3) Conselho do Movimento Brasil Competitivo \u2013 MBC<br \/>\n4) Fundadora e membro do Conselho da Sociedade Brasileira para a Promo\u00e7\u00e3o da Exporta\u00e7\u00e3o de Software \u2013 SOFTEX<br \/>\n5) Fundadora e membro do Conselho da Frente Nacional das Entidades de Tecnologia da Informa\u00e7\u00e3o \u2013 FNTI<br \/>\n6) Conselho Editorial da Revista Nacional de Tecnologia da Informa\u00e7\u00e3o \u2013 RNTI<br \/>\n7) Comiss\u00e3o de Estudo Especial de Gest\u00e3o da P&amp;D&amp;I, CEE 130, da Associa\u00e7\u00e3o Brasileira de Normas T\u00e9cnicas \u2013 ABNT<br \/>\n8) Mesa Executiva do Setor de TI do Minist\u00e9rio da Economia<br \/>\n9) C\u00e2mara Brasileira de Tecnologia da Informa\u00e7\u00e3o da CNC<br \/>\n10) Comit\u00ea Nacional de Iniciativas e Apoio as Startups do MCTI<br \/>\n11) Conselho da <a href=\"https:\/\/www.linkedin.com\/company\/aleti-iberoamerica-tic\/?originalSubdomain=uy\">Asociac\u00f3n Latinoamericana de Entidades de Tecnologia de la Informaci\u00f3n \u2013 ALETI<\/a><br \/>\n12) Board da <a href=\"https:\/\/witsa.org\/\">World Information Technology and Service Alliance \u2013 WITSA<\/a><br \/>\n13) Conselho Consultivo da Rede MCTI\/Embrapii de Inova\u00e7\u00e3o em Intelig\u00eancia Artificial<\/p>\n\n\t\t<\/div>\n\t<\/div>\n<\/div><\/div><\/div><\/div><div class=\"vc_row wpb_row vc_row-fluid\"><div class=\"wpb_column vc_column_container vc_col-sm-6\"><div class=\"vc_column-inner\"><div class=\"wpb_wrapper\">\n\t<div class=\"wpb_text_column wpb_content_element wpb_animate_when_almost_visible wpb_fadeInUp fadeInUp vc_custom_1633312119428\" >\n\t\t<div class=\"wpb_wrapper\">\n\t\t\t<h4><strong>Conselho de Intelig\u00eancia Jur\u00eddica <\/strong><\/h4>\n\n\t\t<\/div>\n\t<\/div>\n<\/div><\/div><\/div><div class=\"wpb_column vc_column_container vc_col-sm-6\"><div class=\"vc_column-inner\"><div class=\"wpb_wrapper\"><div class=\"vcex-image vcex-module vcex-clr\"><span class=\"vcex-image-inner\"><img loading=\"lazy\" decoding=\"async\" width=\"512\" height=\"193\" src=\"https:\/\/assespro.org.br\/wp-content\/uploads\/2021\/10\/inteligencia-.jpg\" class=\"attachment-wpex_custom size-wpex_custom\" alt=\"\" srcset=\"https:\/\/assespro.org.br\/wp-content\/uploads\/2021\/10\/inteligencia-.jpg 512w, https:\/\/assespro.org.br\/wp-content\/uploads\/2021\/10\/inteligencia--300x113.jpg 300w, https:\/\/assespro.org.br\/wp-content\/uploads\/2021\/10\/inteligencia--18x7.jpg 18w\" sizes=\"(max-width: 512px) 100vw, 512px\" \/><\/span><\/div><\/div><\/div><\/div><\/div><div class=\"vc_row wpb_row vc_row-fluid\"><div class=\"wpb_column vc_column_container vc_col-sm-12\"><div class=\"vc_column-inner\"><div class=\"wpb_wrapper\">\n\t<div class=\"wpb_text_column wpb_content_element wpb_animate_when_almost_visible wpb_fadeInUp fadeInUp\" >\n\t\t<div class=\"wpb_wrapper\">\n\t\t\t<p>Em 2019, a ASSESPRO criou o Conselho de Intelig\u00eancia Jur\u00eddica especializado no setor de tecnologia da informa\u00e7\u00e3o e comunica\u00e7\u00e3o, com o objetivo de gerar e debater medidas legais e estrat\u00e9gicas que visem o aprimoramento do marco regulat\u00f3rio do segmento. O conselho \u00e9 formado por um time de 12 advogados que coordenam grupos regionais e pela Vice-Presid\u00eancia de Articula\u00e7\u00e3o Pol\u00edtica da Federa\u00e7\u00e3o.<\/p>\n\n\t\t<\/div>\n\t<\/div>\n<\/div><\/div><\/div><\/div>\n<\/div>","protected":false},"excerpt":{"rendered":"","protected":false},"author":1,"featured_media":0,"parent":0,"menu_order":0,"comment_status":"closed","ping_status":"closed","template":"","meta":{"_acf_changed":false,"footnotes":""},"class_list":["post-123","page","type-page","status-publish","hentry"],"acf":[],"_links":{"self":[{"href":"https:\/\/assespro.org.br\/en\/wp-json\/wp\/v2\/pages\/123","targetHints":{"allow":["GET"]}}],"collection":[{"href":"https:\/\/assespro.org.br\/en\/wp-json\/wp\/v2\/pages"}],"about":[{"href":"https:\/\/assespro.org.br\/en\/wp-json\/wp\/v2\/types\/page"}],"author":[{"embeddable":true,"href":"https:\/\/assespro.org.br\/en\/wp-json\/wp\/v2\/users\/1"}],"replies":[{"embeddable":true,"href":"https:\/\/assespro.org.br\/en\/wp-json\/wp\/v2\/comments?post=123"}],"version-history":[{"count":49,"href":"https:\/\/assespro.org.br\/en\/wp-json\/wp\/v2\/pages\/123\/revisions"}],"predecessor-version":[{"id":40118,"href":"https:\/\/assespro.org.br\/en\/wp-json\/wp\/v2\/pages\/123\/revisions\/40118"}],"wp:attachment":[{"href":"https:\/\/assespro.org.br\/en\/wp-json\/wp\/v2\/media?parent=123"}],"curies":[{"name":"wp","href":"https:\/\/api.w.org\/{rel}","templated":true}]}}